{"id":933,"date":"2024-11-01T15:47:30","date_gmt":"2024-11-01T14:47:30","guid":{"rendered":"https:\/\/www.sequana-epargne.com\/sequana-epargne.com\/?page_id=933"},"modified":"2025-05-21T15:08:42","modified_gmt":"2025-05-21T13:08:42","slug":"les-assureurs","status":"publish","type":"page","link":"https:\/\/www.sequana-epargne.com\/?page_id=933","title":{"rendered":"Les assureurs"},"content":{"rendered":"\t\t<div data-elementor-type=\"wp-page\" data-elementor-id=\"933\" class=\"elementor elementor-933\">\n\t\t\t\t<div class=\"elementor-element elementor-element-e24472e e-flex e-con-boxed e-con e-parent\" data-id=\"e24472e\" data-element_type=\"container\">\n\t\t\t\t\t<div class=\"e-con-inner\">\n\t\t\t\t<div class=\"elementor-element elementor-element-798dfb8 elementor-widget elementor-widget-heading\" data-id=\"798dfb8\" data-element_type=\"widget\" data-widget_type=\"heading.default\">\n\t\t\t\t<div class=\"elementor-widget-container\">\n\t\t\t<h2 class=\"elementor-heading-title elementor-size-default\">Des partenaires de premier choix<\/h2>\t\t<\/div>\n\t\t\t\t<\/div>\n\t\t\t\t\t<\/div>\n\t\t\t\t<\/div>\n\t\t<div class=\"elementor-element elementor-element-761fff7 e-flex e-con-boxed e-con e-parent\" data-id=\"761fff7\" data-element_type=\"container\">\n\t\t\t\t\t<div class=\"e-con-inner\">\n\t\t\t\t<div class=\"elementor-element elementor-element-1497a6a elementor-widget elementor-widget-text-editor\" data-id=\"1497a6a\" data-element_type=\"widget\" data-widget_type=\"text-editor.default\">\n\t\t\t\t<div class=\"elementor-widget-container\">\n\t\t\t\t\t\t\t<p>Afin de\u00a0 proposer les contrats d&#8217;assurance vie et les Plan d&#8217;Epargne Retraite les mieux adapt\u00e9s aux besoins de chaque client, nous avons nou\u00e9 des liens de partenariat plusieurs soci\u00e9t\u00e9s d&#8217;assurance vie qui se distinguent par leur <strong>surface financi\u00e8re<\/strong> rassurante, leurs <strong>qualit\u00e9s op\u00e9rationnelles<\/strong>, leur <strong>capacit\u00e9 \u00e0 innover<\/strong>, en particulier dans le domaine digital, et la <strong>richesse de l&#8217;offre de fonds<\/strong> r\u00e9f\u00e9renc\u00e9s en unit\u00e9s de comptes dans les contrats. Pour en savoir plus sur nos partenaires, cliquez sur les logos ci-dessous.<\/p>\t\t\t\t\t\t<\/div>\n\t\t\t\t<\/div>\n\t\t\t\t\t<\/div>\n\t\t\t\t<\/div>\n\t\t<div class=\"elementor-element elementor-element-7d63824 e-flex e-con-boxed e-con e-parent\" data-id=\"7d63824\" data-element_type=\"container\">\n\t\t\t\t\t<div class=\"e-con-inner\">\n\t\t<div class=\"elementor-element elementor-element-f61f326 e-con-full e-flex e-con e-child\" data-id=\"f61f326\" data-element_type=\"container\">\n\t\t\t\t<div class=\"elementor-element elementor-element-0bf3f90 elementor-widget elementor-widget-image\" data-id=\"0bf3f90\" data-element_type=\"widget\" data-widget_type=\"image.default\">\n\t\t\t\t<div class=\"elementor-widget-container\">\n\t\t\t\t\t\t\t\t\t\t\t\t\t\t<a href=\"https:\/\/www.cardif.fr\/placement-epargne?_gl=1*1dz5c39*_up*MQ..&#038;gclid=EAIaIQobChMI2crupZXNiQMVpqdoCR39QQ2QEAAYASAAEgLNevD_BwE\" target=\"_blank\">\n\t\t\t\t\t\t\t<img decoding=\"async\" width=\"193\" height=\"127\" src=\"https:\/\/www.sequana-epargne.com\/wp-content\/uploads\/2024\/11\/CARDIF.png\" class=\"attachment-large size-large wp-image-1398\" alt=\"\" \/>\t\t\t\t\t\t\t\t<\/a>\n\t\t\t\t\t\t\t\t\t\t\t\t\t<\/div>\n\t\t\t\t<\/div>\n\t\t\t\t<\/div>\n\t\t<div class=\"elementor-element elementor-element-c7c31c7 e-con-full e-flex e-con e-child\" data-id=\"c7c31c7\" data-element_type=\"container\">\n\t\t\t\t<div class=\"elementor-element elementor-element-9c8bd2a elementor-widget elementor-widget-text-editor\" data-id=\"9c8bd2a\" data-element_type=\"widget\" data-widget_type=\"text-editor.default\">\n\t\t\t\t<div class=\"elementor-widget-container\">\n\t\t\t\t\t\t\t<p><strong>BNP PARIBAS Cardif<\/strong> est la soci\u00e9t\u00e9 d&#8217;assurance du Groupe BNP Paribas. Forte d&#8217;un actif g\u00e9r\u00e9 de 255 mds\u20ac, elle a \u00e9t\u00e9 parmi les toutes premi\u00e8res soci\u00e9t\u00e9s d&#8217;assurance vie fran\u00e7aise \u00e0 adopter le mod\u00e8le de l&#8217;architecture ouverte et \u00e0 adosser ses unit\u00e9s de compte aux grands g\u00e9rants d&#8217;actifs mondiaux.\u00a0\u00a0<\/p>\t\t\t\t\t\t<\/div>\n\t\t\t\t<\/div>\n\t\t\t\t<\/div>\n\t\t\t\t\t<\/div>\n\t\t\t\t<\/div>\n\t\t<div class=\"elementor-element elementor-element-3a956e8 e-flex e-con-boxed e-con e-parent\" data-id=\"3a956e8\" data-element_type=\"container\">\n\t\t\t\t\t<div class=\"e-con-inner\">\n\t\t<div class=\"elementor-element elementor-element-ac53c30 e-con-full e-flex e-con e-child\" data-id=\"ac53c30\" data-element_type=\"container\">\n\t\t\t\t<div class=\"elementor-element elementor-element-3151134 elementor-widget elementor-widget-image\" data-id=\"3151134\" data-element_type=\"widget\" data-widget_type=\"image.default\">\n\t\t\t\t<div class=\"elementor-widget-container\">\n\t\t\t\t\t\t\t\t\t\t\t\t\t\t<a href=\"https:\/\/generali-patrimoine.fr\/\" target=\"_blank\">\n\t\t\t\t\t\t\t<img decoding=\"async\" width=\"212\" height=\"118\" src=\"https:\/\/www.sequana-epargne.com\/wp-content\/uploads\/2024\/11\/GENERALI-PATRIMOINE.emf_.png\" class=\"attachment-large size-large wp-image-1414\" alt=\"\" \/>\t\t\t\t\t\t\t\t<\/a>\n\t\t\t\t\t\t\t\t\t\t\t\t\t<\/div>\n\t\t\t\t<\/div>\n\t\t\t\t<\/div>\n\t\t<div class=\"elementor-element elementor-element-cbc65ca e-con-full e-flex e-con e-child\" data-id=\"cbc65ca\" data-element_type=\"container\">\n\t\t\t\t<div class=\"elementor-element elementor-element-f337281 elementor-drop-cap-yes elementor-widget__width-initial elementor-drop-cap-view-default elementor-widget elementor-widget-text-editor\" data-id=\"f337281\" data-element_type=\"widget\" data-settings=\"{&quot;drop_cap&quot;:&quot;yes&quot;}\" data-widget_type=\"text-editor.default\">\n\t\t\t\t<div class=\"elementor-widget-container\">\n\t\t\t\t\t\t\t<p><strong>\u00a0Generali Patrimoine<\/strong> accompagne depuis plus de 20 ans les professionnels de l&#8217;\u00e9pargne dans la mise en place de strat\u00e9gies patrimoniales durables, responsables et engag\u00e9es et leur propose des solutions d\u2019\u00e9pargne innovantes, de qualit\u00e9, et sur mesure. Acteur majeur du march\u00e9 de l\u2019\u00e9pargne et de la gestion de patrimoine, Generali Patrimoine est filiale du Groupe Generali, qui, avec un total de bilan de plus de 500 Mds \u20ac <span style=\"font-family: Poppins; font-size: 15px; font-style: normal; font-variant-ligatures: normal; font-variant-caps: normal; font-weight: 400; text-align: var(--text-align);\">( au 31\/12\/2024)<\/span><span style=\"font-family: Poppins; font-size: 15px; font-style: normal; font-variant-ligatures: normal; font-variant-caps: normal; font-weight: 400; text-align: var(--text-align);\">\u00a0<\/span><span style=\"font-size: 15px; text-align: var(--text-align);\">, plus de 30 Mds\u20ac de fonds propres et un b\u00e9n\u00e9fice net de presque 7 Mds\u20ac en 2023, se classe parmi les soci\u00e9t\u00e9s d&#8217;assurance les plus solides au monde.\u00a0<\/span><\/p>\t\t\t\t\t\t<\/div>\n\t\t\t\t<\/div>\n\t\t\t\t<\/div>\n\t\t\t\t\t<\/div>\n\t\t\t\t<\/div>\n\t\t<div class=\"elementor-element elementor-element-46f1090 e-flex e-con-boxed e-con e-parent\" data-id=\"46f1090\" data-element_type=\"container\">\n\t\t\t\t\t<div class=\"e-con-inner\">\n\t\t<div class=\"elementor-element elementor-element-f74cbc0 e-con-full e-flex e-con e-child\" data-id=\"f74cbc0\" data-element_type=\"container\">\n\t\t\t\t<div class=\"elementor-element elementor-element-bc99921 elementor-widget elementor-widget-image\" data-id=\"bc99921\" data-element_type=\"widget\" data-widget_type=\"image.default\">\n\t\t\t\t<div class=\"elementor-widget-container\">\n\t\t\t\t\t\t\t\t\t\t\t\t\t\t<a href=\"https:\/\/www.vieplus.fr\/\" target=\"_blank\">\n\t\t\t\t\t\t\t<img fetchpriority=\"high\" decoding=\"async\" width=\"367\" height=\"168\" src=\"https:\/\/www.sequana-epargne.com\/wp-content\/uploads\/2024\/11\/VIE-PLUS.png\" class=\"attachment-large size-large wp-image-1427\" alt=\"\" srcset=\"https:\/\/www.sequana-epargne.com\/wp-content\/uploads\/2024\/11\/VIE-PLUS.png 367w, https:\/\/www.sequana-epargne.com\/wp-content\/uploads\/2024\/11\/VIE-PLUS-300x137.png 300w\" sizes=\"(max-width: 367px) 100vw, 367px\" \/>\t\t\t\t\t\t\t\t<\/a>\n\t\t\t\t\t\t\t\t\t\t\t\t\t<\/div>\n\t\t\t\t<\/div>\n\t\t\t\t<\/div>\n\t\t<div class=\"elementor-element elementor-element-19e1baa e-con-full e-flex e-con e-child\" data-id=\"19e1baa\" data-element_type=\"container\">\n\t\t\t\t<div class=\"elementor-element elementor-element-c3b102c elementor-widget elementor-widget-text-editor\" data-id=\"c3b102c\" data-element_type=\"widget\" data-widget_type=\"text-editor.default\">\n\t\t\t\t<div class=\"elementor-widget-container\">\n\t\t\t\t\t\t\t<p><strong>Vie Plus<\/strong> regroupe les activit\u00e9s d\u00e9di\u00e9es aux partenaires externes de Suravenir, le sp\u00e9cialiste en assurance-vie, retraite et pr\u00e9voyance du groupe mutualiste ind\u00e9pendant Cr\u00e9dit Mutuel Ark\u00e9a. Pr\u00e9sente sur ce march\u00e9 depuis plus de 35 ans, Vie Plus se distingue par sa qualit\u00e9 op\u00e9rationnelle, la richesse de son offre et ses engagements pour la finance durable qui r\u00e9pond aux enjeux soci\u00e9taux et environnementaux de demain.\u00a0 \u00a0<\/p><p>\u00a0<\/p>\t\t\t\t\t\t<\/div>\n\t\t\t\t<\/div>\n\t\t\t\t<\/div>\n\t\t\t\t\t<\/div>\n\t\t\t\t<\/div>\n\t\t\t\t<\/div>\n\t\t","protected":false},"excerpt":{"rendered":"<p>Des partenaires de premier choix Afin de\u00a0 proposer les contrats d&#8217;assurance vie et les Plan d&#8217;Epargne Retraite les mieux adapt\u00e9s aux besoins de chaque client, nous avons nou\u00e9 des liens de partenariat plusieurs soci\u00e9t\u00e9s d&#8217;assurance vie qui se distinguent par leur surface financi\u00e8re rassurante, leurs qualit\u00e9s op\u00e9rationnelles, leur capacit\u00e9 \u00e0 innover, en particulier dans le [&hellip;]<\/p>\n","protected":false},"author":1,"featured_media":0,"parent":0,"menu_order":0,"comment_status":"closed","ping_status":"closed","template":"","meta":{"ocean_post_layout":"","ocean_both_sidebars_style":"","ocean_both_sidebars_content_width":0,"ocean_both_sidebars_sidebars_width":0,"ocean_sidebar":"","ocean_second_sidebar":"","ocean_disable_margins":"enable","ocean_add_body_class":"","ocean_shortcode_before_top_bar":"","ocean_shortcode_after_top_bar":"","ocean_shortcode_before_header":"","ocean_shortcode_after_header":"","ocean_has_shortcode":"","ocean_shortcode_after_title":"","ocean_shortcode_before_footer_widgets":"","ocean_shortcode_after_footer_widgets":"","ocean_shortcode_before_footer_bottom":"","ocean_shortcode_after_footer_bottom":"","ocean_display_top_bar":"default","ocean_display_header":"default","ocean_header_style":"","ocean_center_header_left_menu":"","ocean_custom_header_template":"","ocean_custom_logo":0,"ocean_custom_retina_logo":0,"ocean_custom_logo_max_width":0,"ocean_custom_logo_tablet_max_width":0,"ocean_custom_logo_mobile_max_width":0,"ocean_custom_logo_max_height":0,"ocean_custom_logo_tablet_max_height":0,"ocean_custom_logo_mobile_max_height":0,"ocean_header_custom_menu":"","ocean_menu_typo_font_family":"","ocean_menu_typo_font_subset":"","ocean_menu_typo_font_size":0,"ocean_menu_typo_font_size_tablet":0,"ocean_menu_typo_font_size_mobile":0,"ocean_menu_typo_font_size_unit":"px","ocean_menu_typo_font_weight":"","ocean_menu_typo_font_weight_tablet":"","ocean_menu_typo_font_weight_mobile":"","ocean_menu_typo_transform":"","ocean_menu_typo_transform_tablet":"","ocean_menu_typo_transform_mobile":"","ocean_menu_typo_line_height":0,"ocean_menu_typo_line_height_tablet":0,"ocean_menu_typo_line_height_mobile":0,"ocean_menu_typo_line_height_unit":"","ocean_menu_typo_spacing":0,"ocean_menu_typo_spacing_tablet":0,"ocean_menu_typo_spacing_mobile":0,"ocean_menu_typo_spacing_unit":"","ocean_menu_link_color":"","ocean_menu_link_color_hover":"","ocean_menu_link_color_active":"","ocean_menu_link_background":"","ocean_menu_link_hover_background":"","ocean_menu_link_active_background":"","ocean_menu_social_links_bg":"","ocean_menu_social_hover_links_bg":"","ocean_menu_social_links_color":"","ocean_menu_social_hover_links_color":"","ocean_disable_title":"default","ocean_disable_heading":"default","ocean_post_title":"","ocean_post_subheading":"","ocean_post_title_style":"","ocean_post_title_background_color":"","ocean_post_title_background":0,"ocean_post_title_bg_image_position":"","ocean_post_title_bg_image_attachment":"","ocean_post_title_bg_image_repeat":"","ocean_post_title_bg_image_size":"","ocean_post_title_height":0,"ocean_post_title_bg_overlay":0.5,"ocean_post_title_bg_overlay_color":"","ocean_disable_breadcrumbs":"default","ocean_breadcrumbs_color":"","ocean_breadcrumbs_separator_color":"","ocean_breadcrumbs_links_color":"","ocean_breadcrumbs_links_hover_color":"","ocean_display_footer_widgets":"default","ocean_display_footer_bottom":"default","ocean_custom_footer_template":"","footnotes":""},"class_list":["post-933","page","type-page","status-publish","hentry","entry"],"_links":{"self":[{"href":"https:\/\/www.sequana-epargne.com\/index.php?rest_route=\/wp\/v2\/pages\/933","targetHints":{"allow":["GET"]}}],"collection":[{"href":"https:\/\/www.sequana-epargne.com\/index.php?rest_route=\/wp\/v2\/pages"}],"about":[{"href":"https:\/\/www.sequana-epargne.com\/index.php?rest_route=\/wp\/v2\/types\/page"}],"author":[{"embeddable":true,"href":"https:\/\/www.sequana-epargne.com\/index.php?rest_route=\/wp\/v2\/users\/1"}],"replies":[{"embeddable":true,"href":"https:\/\/www.sequana-epargne.com\/index.php?rest_route=%2Fwp%2Fv2%2Fcomments&post=933"}],"version-history":[{"count":115,"href":"https:\/\/www.sequana-epargne.com\/index.php?rest_route=\/wp\/v2\/pages\/933\/revisions"}],"predecessor-version":[{"id":2807,"href":"https:\/\/www.sequana-epargne.com\/index.php?rest_route=\/wp\/v2\/pages\/933\/revisions\/2807"}],"wp:attachment":[{"href":"https:\/\/www.sequana-epargne.com\/index.php?rest_route=%2Fwp%2Fv2%2Fmedia&parent=933"}],"curies":[{"name":"wp","href":"https:\/\/api.w.org\/{rel}","templated":true}]}}