{"id":931,"date":"2024-11-01T15:46:41","date_gmt":"2024-11-01T14:46:41","guid":{"rendered":"https:\/\/www.sequana-epargne.com\/sequana-epargne.com\/?page_id=931"},"modified":"2025-01-27T19:04:52","modified_gmt":"2025-01-27T18:04:52","slug":"les-societes-de-gestion","status":"publish","type":"page","link":"https:\/\/www.sequana-epargne.com\/?page_id=931","title":{"rendered":"Les soci\u00e9t\u00e9s de gestion partenaires"},"content":{"rendered":"\t\t<div data-elementor-type=\"wp-page\" data-elementor-id=\"931\" class=\"elementor elementor-931\">\n\t\t\t\t<div class=\"elementor-element elementor-element-d759659 e-flex e-con-boxed e-con e-parent\" data-id=\"d759659\" data-element_type=\"container\">\n\t\t\t\t\t<div class=\"e-con-inner\">\n\t\t\t\t<div class=\"elementor-element elementor-element-c7003ec elementor-widget elementor-widget-text-editor\" data-id=\"c7003ec\" data-element_type=\"widget\" data-widget_type=\"text-editor.default\">\n\t\t\t\t<div class=\"elementor-widget-container\">\n\t\t\t\t\t\t\t<p>Nous s\u00e9lectionnons, au sein d&#8217;un univers d&#8217;investissement de plusieurs dizaines de milliers de fonds,<strong> une offre concentr\u00e9e constitu\u00e9e des supports d&#8217;investissement <\/strong>les mieux adapt\u00e9s \u00e0 nos portefeuilles conseill\u00e9s. Cela passe par un filtrage initial suivi d&#8217;une <strong>\u00e9tude approfondie de chaque fonds<\/strong>, de sa composition, de ses performances pass\u00e9es, de sa valeur ajout\u00e9e pour les investisseurs,\u00a0 de son comportement dans diff\u00e9rentes de march\u00e9s. Les fonds retenus font l&#8217;objet d&#8217;un<strong> suivi permanent<\/strong>. Cela passe par la connaissance des soci\u00e9t\u00e9s de gestion, des femmes et des hommes qui les animent, de leurs m\u00e9thodes d&#8217;investissement, de leur capacit\u00e9 \u00e0 g\u00e9rer les risques.<\/p><p>Afin de diversifier au mieux les portefeuilles, nous avons s\u00e9lectionn\u00e9 des fonds dans chaque classe d&#8217;actifs pertinente, avec chacun une approche diff\u00e9renciante. Les soci\u00e9t\u00e9s de gestion partenaires retenues pr\u00e9sentent des profils diff\u00e9rents. Nous avons s\u00e9lectionn\u00e9 <strong>de grands acteurs internationaux de la gestion d&#8217;actifs, des filiales de groupes financiers europ\u00e9ens, ainsi que des soci\u00e9t\u00e9s de gestion entrepreneuriales et plus sp\u00e9cialis\u00e9es<\/strong>, \u00e0 taille humaine, et qui mettent en \u0153uvre des strat\u00e9gies innovantes et de\u00a0 conviction.\u00a0<\/p><p>Nous offrons ainsi &#8211; pour chaque classe d&#8217;actifs et dans chaque soci\u00e9t\u00e9 de gestion partenaire &#8211; <strong>une s\u00e9lection des meilleurs fonds disponibles<\/strong> qui, sur votre horizon d&#8217;investissement, devraient g\u00e9n\u00e9rer une performance en ligne avec les attentes.\u00a0<\/p>\t\t\t\t\t\t<\/div>\n\t\t\t\t<\/div>\n\t\t\t\t\t<\/div>\n\t\t\t\t<\/div>\n\t\t<div class=\"elementor-element elementor-element-c6664ac e-flex e-con-boxed e-con e-parent\" data-id=\"c6664ac\" data-element_type=\"container\">\n\t\t\t\t\t<div class=\"e-con-inner\">\n\t\t<div class=\"elementor-element elementor-element-2c682bf e-con-full e-flex e-con e-child\" data-id=\"2c682bf\" data-element_type=\"container\">\n\t\t\t\t<div class=\"elementor-element elementor-element-506f789 elementor-widget elementor-widget-image\" data-id=\"506f789\" data-element_type=\"widget\" data-widget_type=\"image.default\">\n\t\t\t\t<div class=\"elementor-widget-container\">\n\t\t\t\t\t\t\t\t\t\t\t\t\t\t<a href=\"https:\/\/www.acatis.de\/fr\/\" target=\"_blank\">\n\t\t\t\t\t\t\t<img decoding=\"async\" width=\"272\" height=\"58\" src=\"https:\/\/www.sequana-epargne.com\/wp-content\/uploads\/2024\/11\/acatis.jpg\" class=\"attachment-large size-large wp-image-1262\" alt=\"\" \/>\t\t\t\t\t\t\t\t<\/a>\n\t\t\t\t\t\t\t\t\t\t\t\t\t<\/div>\n\t\t\t\t<\/div>\n\t\t\t\t<\/div>\n\t\t<div class=\"elementor-element elementor-element-57e1777 e-con-full e-flex e-con e-child\" data-id=\"57e1777\" data-element_type=\"container\">\n\t\t\t\t<div class=\"elementor-element elementor-element-b6be074 elementor-widget elementor-widget-text-editor\" data-id=\"b6be074\" data-element_type=\"widget\" data-widget_type=\"text-editor.default\">\n\t\t\t\t<div class=\"elementor-widget-container\">\n\t\t\t\t\t\t\t<p>ACATIS est une soci\u00e9t\u00e9 allemande ind\u00e9pendante qui met en oeuvre une approche &#8220;value&#8221; &#8211; identification d&#8217;entreprises sous-valoris\u00e9es &#8211; et g\u00e8re plus de 11 milliards EUR d\u2019actifs (\u00e0 fin octobre 2024). Le fonds s\u00e9lectionn\u00e9, Acatis value Event, est un fonds diversifi\u00e9 flexible value qui pr\u00e9sente un encours de 6.5 mds\u20ac au 30\/10\/2024.<\/p><p>\u00a0<\/p>\t\t\t\t\t\t<\/div>\n\t\t\t\t<\/div>\n\t\t\t\t<\/div>\n\t\t\t\t\t<\/div>\n\t\t\t\t<\/div>\n\t\t<div class=\"elementor-element elementor-element-0f67cd0 e-flex e-con-boxed e-con e-parent\" data-id=\"0f67cd0\" data-element_type=\"container\">\n\t\t\t\t\t<div class=\"e-con-inner\">\n\t\t<div class=\"elementor-element elementor-element-c69e0d0 e-con-full e-flex e-con e-child\" data-id=\"c69e0d0\" data-element_type=\"container\">\n\t\t\t\t<div class=\"elementor-element elementor-element-122531b elementor-widget elementor-widget-image\" data-id=\"122531b\" data-element_type=\"widget\" data-widget_type=\"image.default\">\n\t\t\t\t<div class=\"elementor-widget-container\">\n\t\t\t\t\t\t\t\t\t\t\t\t\t\t<a href=\"https:\/\/www.dnca-investments.com\/fonds\/eurose\/parts\/c-fr0007051040\" target=\"_blank\">\n\t\t\t\t\t\t\t<img fetchpriority=\"high\" decoding=\"async\" width=\"393\" height=\"128\" src=\"https:\/\/www.sequana-epargne.com\/wp-content\/uploads\/2024\/11\/DNCA1.png\" class=\"attachment-large size-large wp-image-1288\" alt=\"\" srcset=\"https:\/\/www.sequana-epargne.com\/wp-content\/uploads\/2024\/11\/DNCA1.png 393w, https:\/\/www.sequana-epargne.com\/wp-content\/uploads\/2024\/11\/DNCA1-300x98.png 300w\" sizes=\"(max-width: 393px) 100vw, 393px\" \/>\t\t\t\t\t\t\t\t<\/a>\n\t\t\t\t\t\t\t\t\t\t\t\t\t<\/div>\n\t\t\t\t<\/div>\n\t\t\t\t<\/div>\n\t\t<div class=\"elementor-element elementor-element-2373d1e e-con-full e-flex e-con e-child\" data-id=\"2373d1e\" data-element_type=\"container\">\n\t\t\t\t<div class=\"elementor-element elementor-element-1e7f2e5 elementor-widget elementor-widget-text-editor\" data-id=\"1e7f2e5\" data-element_type=\"widget\" data-widget_type=\"text-editor.default\">\n\t\t\t\t<div class=\"elementor-widget-container\">\n\t\t\t\t\t\t\t<p>DNCA est une soci\u00e9t\u00e9 de gestion cr\u00e9\u00e9e en 2000 \u00e0\u00a0 Paris par des sp\u00e9cialistes d\u2019une approche patrimoniale de la gestion pour le compte d\u2019investisseurs priv\u00e9s et institutionnels et qui est aujourd&#8217;hui une filiale du Groupe Natixis \/ BPCE &#8211; Banques Populaires et Caisses d&#8217;Epargne. Ses encours atteignent 35,1 Mds (au 28\/06\/2024). Le fonds s\u00e9lectionn\u00e9 dans nos allocations conseill\u00e9es, Eurose est un fonds diversifi\u00e9 dynamique \u00e0 caract\u00e8re d\u00e9fensif qui a d\u00e9montr\u00e9 depuis plus de 15 ans sa capacit\u00e9 \u00e0 cr\u00e9er de la performance dans les contextes favorables et \u00e0 prot\u00e9ger ses investissements dans les contextes les plus difficiles.<\/p><p>\u00a0<\/p>\t\t\t\t\t\t<\/div>\n\t\t\t\t<\/div>\n\t\t\t\t<\/div>\n\t\t\t\t\t<\/div>\n\t\t\t\t<\/div>\n\t\t<div class=\"elementor-element elementor-element-e478a4e e-flex e-con-boxed e-con e-parent\" data-id=\"e478a4e\" data-element_type=\"container\">\n\t\t\t\t\t<div class=\"e-con-inner\">\n\t\t<div class=\"elementor-element elementor-element-b774b0e e-con-full e-flex e-con e-child\" data-id=\"b774b0e\" data-element_type=\"container\">\n\t\t\t\t<div class=\"elementor-element elementor-element-d7f7a90 elementor-widget elementor-widget-image\" data-id=\"d7f7a90\" data-element_type=\"widget\" data-widget_type=\"image.default\">\n\t\t\t\t<div class=\"elementor-widget-container\">\n\t\t\t\t\t\t\t\t\t\t\t\t\t\t<a href=\"https:\/\/ginjer-am.com\/ginjer-fonds\/professionnel\/ginjer-actifs-360-part-a\/\" target=\"_blank\">\n\t\t\t\t\t\t\t<img decoding=\"async\" width=\"246\" height=\"69\" src=\"https:\/\/www.sequana-epargne.com\/wp-content\/uploads\/2024\/11\/logo-ginjer-1.png\" class=\"attachment-large size-large wp-image-1275\" alt=\"\" \/>\t\t\t\t\t\t\t\t<\/a>\n\t\t\t\t\t\t\t\t\t\t\t\t\t<\/div>\n\t\t\t\t<\/div>\n\t\t\t\t<\/div>\n\t\t\t\t<div class=\"elementor-element elementor-element-d0278b9 elementor-widget elementor-widget-text-editor\" data-id=\"d0278b9\" data-element_type=\"widget\" data-widget_type=\"text-editor.default\">\n\t\t\t\t<div class=\"elementor-widget-container\">\n\t\t\t\t\t\t\t<p>Ginjer AM est une soci\u00e9t\u00e9 de gestion fran\u00e7aise ind\u00e9pendante qui g\u00e8re 250 m EUR d\u2019actifs (\u00e0 fin octobre 2024). Le fonds s\u00e9lectionn\u00e9, Ginjer Actifs 360 est un fonds diversifi\u00e9 g\u00e9r\u00e9 de fa\u00e7on active et discr\u00e9tionnaire, qui, sur 5 et 10 ans, se situe parmi les tous meilleurs fonds de sa cat\u00e9gorie.<\/p><p>\u00a0<\/p>\t\t\t\t\t\t<\/div>\n\t\t\t\t<\/div>\n\t\t\t\t\t<\/div>\n\t\t\t\t<\/div>\n\t\t<div class=\"elementor-element elementor-element-861a327 e-flex e-con-boxed e-con e-parent\" data-id=\"861a327\" data-element_type=\"container\">\n\t\t\t\t\t<div class=\"e-con-inner\">\n\t\t<div class=\"elementor-element elementor-element-5fb2736 e-con-full e-flex e-con e-child\" data-id=\"5fb2736\" data-element_type=\"container\">\n\t\t\t\t<div class=\"elementor-element elementor-element-df54080 elementor-widget elementor-widget-image\" data-id=\"df54080\" data-element_type=\"widget\" data-widget_type=\"image.default\">\n\t\t\t\t<div class=\"elementor-widget-container\">\n\t\t\t\t\t\t\t\t\t\t\t\t\t\t<a href=\"https:\/\/www.generali-investments.com\/fr\/fr\/private\/fund-page\/gf-ambition-solidaire-cap-FR0007020201\" target=\"_blank\">\n\t\t\t\t\t\t\t<img loading=\"lazy\" decoding=\"async\" width=\"632\" height=\"217\" src=\"https:\/\/www.sequana-epargne.com\/wp-content\/uploads\/2024\/11\/generali.png\" class=\"attachment-large size-large wp-image-1280\" alt=\"\" srcset=\"https:\/\/www.sequana-epargne.com\/wp-content\/uploads\/2024\/11\/generali.png 632w, https:\/\/www.sequana-epargne.com\/wp-content\/uploads\/2024\/11\/generali-300x103.png 300w\" sizes=\"(max-width: 632px) 100vw, 632px\" \/>\t\t\t\t\t\t\t\t<\/a>\n\t\t\t\t\t\t\t\t\t\t\t\t\t<\/div>\n\t\t\t\t<\/div>\n\t\t\t\t<\/div>\n\t\t\t\t<div class=\"elementor-element elementor-element-0c45c91 elementor-widget elementor-widget-text-editor\" data-id=\"0c45c91\" data-element_type=\"widget\" data-widget_type=\"text-editor.default\">\n\t\t\t\t<div class=\"elementor-widget-container\">\n\t\t\t\t\t\t\t<p>Generali Investments regroupe les activit\u00e9s de gestion d&#8217;actifs du groupe d&#8217;assurance italien Generali. Le fonds s\u00e9lectionn\u00e9, GF Ambition Solidaire, est un fonds diversifi\u00e9 flexible \u00e0 dominante actions d&#8217;un encours sup\u00e9rieur \u00e0 400 m\u20ac au 30\/10\/2024.\u00a0 Il pr\u00e9sente un historique de performance parmi les meilleurs de sa cat\u00e9gorie.<\/p><p>\u00a0<\/p>\t\t\t\t\t\t<\/div>\n\t\t\t\t<\/div>\n\t\t\t\t\t<\/div>\n\t\t\t\t<\/div>\n\t\t<div class=\"elementor-element elementor-element-c1544d2 e-flex e-con-boxed e-con e-parent\" data-id=\"c1544d2\" data-element_type=\"container\">\n\t\t\t\t\t<div class=\"e-con-inner\">\n\t\t<div class=\"elementor-element elementor-element-9a755bd e-con-full e-flex e-con e-child\" data-id=\"9a755bd\" data-element_type=\"container\">\n\t\t\t\t<div class=\"elementor-element elementor-element-d91d950 elementor-widget elementor-widget-image\" data-id=\"d91d950\" data-element_type=\"widget\" data-widget_type=\"image.default\">\n\t\t\t\t<div class=\"elementor-widget-container\">\n\t\t\t\t\t\t\t\t\t\t\t\t\t\t<a href=\"https:\/\/am.jpmorgan.com\/fr\/fr\/asset-management\/adv\/?gad_source=1&#038;gclid=EAIaIQobChMI65Xj2bfliQMV_6doCR3wYRDAEAAYASAAEgK17fD_BwE&#038;gclsrc=aw.ds\" target=\"_blank\">\n\t\t\t\t\t\t\t<img loading=\"lazy\" decoding=\"async\" width=\"116\" height=\"38\" src=\"https:\/\/www.sequana-epargne.com\/wp-content\/uploads\/2024\/11\/JPM.png\" class=\"attachment-large size-large wp-image-1549\" alt=\"\" \/>\t\t\t\t\t\t\t\t<\/a>\n\t\t\t\t\t\t\t\t\t\t\t\t\t<\/div>\n\t\t\t\t<\/div>\n\t\t\t\t<\/div>\n\t\t\t\t<div class=\"elementor-element elementor-element-32b57ae elementor-widget elementor-widget-text-editor\" data-id=\"32b57ae\" data-element_type=\"widget\" data-widget_type=\"text-editor.default\">\n\t\t\t\t<div class=\"elementor-widget-container\">\n\t\t\t\t\t\t\t<p>La soci\u00e9t\u00e9 de gestion de l&#8217;une des plus grande et pus solides institutions financi\u00e8re du monde, qui se distingue, entre autre, par la puissance des moyens mis en oeuvre, la stabilit\u00e9 de ses \u00e9quipes de g\u00e9rants, la qualit\u00e9 des processus d&#8217;investissement et les tr\u00e8s bonnes performance des fonds que nous avons s\u00e9lectionn\u00e9s, an actions am\u00e9ricaines ou actions mondiales.\u00a0<\/p>\t\t\t\t\t\t<\/div>\n\t\t\t\t<\/div>\n\t\t\t\t\t<\/div>\n\t\t\t\t<\/div>\n\t\t<div class=\"elementor-element elementor-element-60947f4 e-flex e-con-boxed e-con e-parent\" data-id=\"60947f4\" data-element_type=\"container\">\n\t\t\t\t\t<div class=\"e-con-inner\">\n\t\t<div class=\"elementor-element elementor-element-405b413 e-con-full e-flex e-con e-child\" data-id=\"405b413\" data-element_type=\"container\">\n\t\t\t\t<div class=\"elementor-element elementor-element-0ddb7a5 elementor-widget elementor-widget-image\" data-id=\"0ddb7a5\" data-element_type=\"widget\" data-widget_type=\"image.default\">\n\t\t\t\t<div class=\"elementor-widget-container\">\n\t\t\t\t\t\t\t\t\t\t\t\t\t\t<a href=\"https:\/\/www.morganstanley.com\/im.fr.html\" target=\"_blank\">\n\t\t\t\t\t\t\t<img loading=\"lazy\" decoding=\"async\" width=\"73\" height=\"73\" src=\"https:\/\/www.sequana-epargne.com\/wp-content\/uploads\/2024\/11\/MORGAN-STANLEY.png\" class=\"attachment-large size-large wp-image-1557\" alt=\"\" \/>\t\t\t\t\t\t\t\t<\/a>\n\t\t\t\t\t\t\t\t\t\t\t\t\t<\/div>\n\t\t\t\t<\/div>\n\t\t\t\t<\/div>\n\t\t\t\t<div class=\"elementor-element elementor-element-150d50b elementor-widget elementor-widget-text-editor\" data-id=\"150d50b\" data-element_type=\"widget\" data-widget_type=\"text-editor.default\">\n\t\t\t\t<div class=\"elementor-widget-container\">\n\t\t\t\t\t\t\t<p>Avec plus de 1.600 Mds\u20ac sous gestion, Morgan Stanley Investment Management est l&#8217;une des plus grande soci\u00e9t\u00e9 de gestion au monde. Apr\u00e8s plus de 45 ans d&#8217;historique, elle pr\u00e9sente une gamme de fonds de tr\u00e8s grande qualit\u00e9, en particulier dans les actions internationales et am\u00e9ricaines.\u00a0<\/p>\t\t\t\t\t\t<\/div>\n\t\t\t\t<\/div>\n\t\t\t\t\t<\/div>\n\t\t\t\t<\/div>\n\t\t<div class=\"elementor-element elementor-element-bc82aae e-flex e-con-boxed e-con e-parent\" data-id=\"bc82aae\" data-element_type=\"container\">\n\t\t\t\t\t<div class=\"e-con-inner\">\n\t\t<div class=\"elementor-element elementor-element-cbb3bd7 e-con-full e-flex e-con e-child\" data-id=\"cbb3bd7\" data-element_type=\"container\">\n\t\t\t\t<div class=\"elementor-element elementor-element-71582e0 elementor-widget elementor-widget-image\" data-id=\"71582e0\" data-element_type=\"widget\" data-widget_type=\"image.default\">\n\t\t\t\t<div class=\"elementor-widget-container\">\n\t\t\t\t\t\t\t\t\t\t\t\t\t\t<a href=\"https:\/\/www.edmond-de-rothschild.com\/fr\/edmond-de-rothschild\/asset-management\" target=\"_blank\">\n\t\t\t\t\t\t\t<img loading=\"lazy\" decoding=\"async\" width=\"232\" height=\"67\" src=\"https:\/\/www.sequana-epargne.com\/wp-content\/uploads\/2024\/11\/EDRAM.png\" class=\"attachment-large size-large wp-image-1562\" alt=\"\" \/>\t\t\t\t\t\t\t\t<\/a>\n\t\t\t\t\t\t\t\t\t\t\t\t\t<\/div>\n\t\t\t\t<\/div>\n\t\t\t\t<\/div>\n\t\t\t\t<div class=\"elementor-element elementor-element-f0cba49 elementor-widget elementor-widget-text-editor\" data-id=\"f0cba49\" data-element_type=\"widget\" data-widget_type=\"text-editor.default\">\n\t\t\t\t<div class=\"elementor-widget-container\">\n\t\t\t\t\t\t\t<p>Soci\u00e9t\u00e9 de gestion fran\u00e7aise fournissant des solution d&#8217;\u00e9pargne de grande qualit\u00e9 depuis de nombreuses ann\u00e9e, EDRAM se distingue par sa capacit\u00e9 d&#8217;innovation, les performances de certains de ces fonds \u00e9ligibles \u00e0 l&#8217;assurance vie et la qualit\u00e9 du service et de l&#8217;information diffus\u00e9e aupr\u00e8s des g\u00e9rants de patrimoine.\u00a0<\/p>\t\t\t\t\t\t<\/div>\n\t\t\t\t<\/div>\n\t\t\t\t\t<\/div>\n\t\t\t\t<\/div>\n\t\t<div class=\"elementor-element elementor-element-6d65ba7 e-flex e-con-boxed e-con e-parent\" data-id=\"6d65ba7\" data-element_type=\"container\">\n\t\t\t\t\t<div class=\"e-con-inner\">\n\t\t\t\t<div class=\"elementor-element elementor-element-715e02b elementor-widget elementor-widget-text-editor\" data-id=\"715e02b\" data-element_type=\"widget\" data-widget_type=\"text-editor.default\">\n\t\t\t\t<div class=\"elementor-widget-container\">\n\t\t\t\t\t\t\t<p>Et d&#8217;autres encore \u00e0 venir d\u00e9couvrir avec nous&#8230;.\u00a0 \u00a0 \u00a0<strong><a href=\"mailto:contact@sequana-epargne.com\">contact@sequana-epargne.com<\/a><\/strong><\/p>\t\t\t\t\t\t<\/div>\n\t\t\t\t<\/div>\n\t\t\t\t\t<\/div>\n\t\t\t\t<\/div>\n\t\t\t\t<\/div>\n\t\t","protected":false},"excerpt":{"rendered":"<p>Nous s\u00e9lectionnons, au sein d&#8217;un univers d&#8217;investissement de plusieurs dizaines de milliers de fonds, une offre concentr\u00e9e constitu\u00e9e des supports d&#8217;investissement les mieux adapt\u00e9s \u00e0 nos portefeuilles conseill\u00e9s. Cela passe par un filtrage initial suivi d&#8217;une \u00e9tude approfondie de chaque fonds, de sa composition, de ses performances pass\u00e9es, de sa valeur ajout\u00e9e pour les investisseurs,\u00a0 [&hellip;]<\/p>\n","protected":false},"author":1,"featured_media":0,"parent":0,"menu_order":0,"comment_status":"closed","ping_status":"closed","template":"","meta":{"ocean_post_layout":"","ocean_both_sidebars_style":"","ocean_both_sidebars_content_width":0,"ocean_both_sidebars_sidebars_width":0,"ocean_sidebar":"","ocean_second_sidebar":"","ocean_disable_margins":"enable","ocean_add_body_class":"","ocean_shortcode_before_top_bar":"","ocean_shortcode_after_top_bar":"","ocean_shortcode_before_header":"","ocean_shortcode_after_header":"","ocean_has_shortcode":"","ocean_shortcode_after_title":"","ocean_shortcode_before_footer_widgets":"","ocean_shortcode_after_footer_widgets":"","ocean_shortcode_before_footer_bottom":"","ocean_shortcode_after_footer_bottom":"","ocean_display_top_bar":"default","ocean_display_header":"default","ocean_header_style":"","ocean_center_header_left_menu":"","ocean_custom_header_template":"","ocean_custom_logo":0,"ocean_custom_retina_logo":0,"ocean_custom_logo_max_width":0,"ocean_custom_logo_tablet_max_width":0,"ocean_custom_logo_mobile_max_width":0,"ocean_custom_logo_max_height":0,"ocean_custom_logo_tablet_max_height":0,"ocean_custom_logo_mobile_max_height":0,"ocean_header_custom_menu":"","ocean_menu_typo_font_family":"","ocean_menu_typo_font_subset":"","ocean_menu_typo_font_size":0,"ocean_menu_typo_font_size_tablet":0,"ocean_menu_typo_font_size_mobile":0,"ocean_menu_typo_font_size_unit":"px","ocean_menu_typo_font_weight":"","ocean_menu_typo_font_weight_tablet":"","ocean_menu_typo_font_weight_mobile":"","ocean_menu_typo_transform":"","ocean_menu_typo_transform_tablet":"","ocean_menu_typo_transform_mobile":"","ocean_menu_typo_line_height":0,"ocean_menu_typo_line_height_tablet":0,"ocean_menu_typo_line_height_mobile":0,"ocean_menu_typo_line_height_unit":"","ocean_menu_typo_spacing":0,"ocean_menu_typo_spacing_tablet":0,"ocean_menu_typo_spacing_mobile":0,"ocean_menu_typo_spacing_unit":"","ocean_menu_link_color":"","ocean_menu_link_color_hover":"","ocean_menu_link_color_active":"","ocean_menu_link_background":"","ocean_menu_link_hover_background":"","ocean_menu_link_active_background":"","ocean_menu_social_links_bg":"","ocean_menu_social_hover_links_bg":"","ocean_menu_social_links_color":"","ocean_menu_social_hover_links_color":"","ocean_disable_title":"default","ocean_disable_heading":"default","ocean_post_title":"","ocean_post_subheading":"","ocean_post_title_style":"","ocean_post_title_background_color":"","ocean_post_title_background":0,"ocean_post_title_bg_image_position":"","ocean_post_title_bg_image_attachment":"","ocean_post_title_bg_image_repeat":"","ocean_post_title_bg_image_size":"","ocean_post_title_height":0,"ocean_post_title_bg_overlay":0.5,"ocean_post_title_bg_overlay_color":"","ocean_disable_breadcrumbs":"default","ocean_breadcrumbs_color":"","ocean_breadcrumbs_separator_color":"","ocean_breadcrumbs_links_color":"","ocean_breadcrumbs_links_hover_color":"","ocean_display_footer_widgets":"default","ocean_display_footer_bottom":"default","ocean_custom_footer_template":"","footnotes":""},"class_list":["post-931","page","type-page","status-publish","hentry","entry"],"_links":{"self":[{"href":"https:\/\/www.sequana-epargne.com\/index.php?rest_route=\/wp\/v2\/pages\/931","targetHints":{"allow":["GET"]}}],"collection":[{"href":"https:\/\/www.sequana-epargne.com\/index.php?rest_route=\/wp\/v2\/pages"}],"about":[{"href":"https:\/\/www.sequana-epargne.com\/index.php?rest_route=\/wp\/v2\/types\/page"}],"author":[{"embeddable":true,"href":"https:\/\/www.sequana-epargne.com\/index.php?rest_route=\/wp\/v2\/users\/1"}],"replies":[{"embeddable":true,"href":"https:\/\/www.sequana-epargne.com\/index.php?rest_route=%2Fwp%2Fv2%2Fcomments&post=931"}],"version-history":[{"count":167,"href":"https:\/\/www.sequana-epargne.com\/index.php?rest_route=\/wp\/v2\/pages\/931\/revisions"}],"predecessor-version":[{"id":2693,"href":"https:\/\/www.sequana-epargne.com\/index.php?rest_route=\/wp\/v2\/pages\/931\/revisions\/2693"}],"wp:attachment":[{"href":"https:\/\/www.sequana-epargne.com\/index.php?rest_route=%2Fwp%2Fv2%2Fmedia&parent=931"}],"curies":[{"name":"wp","href":"https:\/\/api.w.org\/{rel}","templated":true}]}}