{"id":929,"date":"2024-11-01T15:44:55","date_gmt":"2024-11-01T14:44:55","guid":{"rendered":"https:\/\/www.sequana-epargne.com\/sequana-epargne.com\/?page_id=929"},"modified":"2024-12-04T16:26:59","modified_gmt":"2024-12-04T15:26:59","slug":"nos-partenaires","status":"publish","type":"page","link":"https:\/\/www.sequana-epargne.com\/?page_id=929","title":{"rendered":"Nos partenaires"},"content":{"rendered":"\t\t<div data-elementor-type=\"wp-page\" data-elementor-id=\"929\" class=\"elementor elementor-929\">\n\t\t\t\t<div class=\"elementor-element elementor-element-eec42ab e-flex e-con-boxed e-con e-parent\" data-id=\"eec42ab\" data-element_type=\"container\">\n\t\t\t\t\t<div class=\"e-con-inner\">\n\t\t\t\t<div class=\"elementor-element elementor-element-a11b4f4 elementor-widget elementor-widget-text-editor\" data-id=\"a11b4f4\" data-element_type=\"widget\" data-widget_type=\"text-editor.default\">\n\t\t\t\t<div class=\"elementor-widget-container\">\n\t\t\t\t\t\t\t<p>Notre ambition est de construire pour et avec nos clients les <strong>solutions d&#8217;\u00e9pargne sur mesure<\/strong> les mieux adapt\u00e9es \u00e0 leurs projets, en assemblant et combinant :<\/p><ul><li>des v\u00e9hicules d&#8217;investissement : OPCVM et autres fonds d&#8217;investissement investis en titres cot\u00e9s sur des march\u00e9s r\u00e9gul\u00e9s (actions ou obligations) et g\u00e9r\u00e9s par des <strong>soci\u00e9t\u00e9s de gestion traditionnelles<\/strong>,\u00a0 ou <strong>d&#8217;investissements priv\u00e9s ou <\/strong>encore de produits structur\u00e9s, g\u00e9r\u00e9s par des soci\u00e9t\u00e9s plus sp\u00e9cialis\u00e9es,<\/li><li>des enveloppes juridiques qui porteront ces fonds, qu&#8217;il s&#8217;agisse de <strong>contrats d&#8217;assurance-vie, de plans d&#8217;\u00e9pargne retraite, de plans d&#8217;\u00e9pargne en actions.<\/strong>..\u00a0<\/li><\/ul><p>Pour construire ces solutions, nous nous effor\u00e7ons de s\u00e9lectionner &#8211; dans chaque sp\u00e9cialit\u00e9 &#8211; les meilleurs\u00a0 partenaires, selon des crit\u00e8res rigoureux. Pour en savoir plus cliquez sur les liens ci-dessous :<\/p>\t\t\t\t\t\t<\/div>\n\t\t\t\t<\/div>\n\t\t\t\t\t<\/div>\n\t\t\t\t<\/div>\n\t\t<div class=\"elementor-element elementor-element-61b4d91 e-grid e-con-boxed e-con e-parent\" data-id=\"61b4d91\" data-element_type=\"container\">\n\t\t\t\t\t<div class=\"e-con-inner\">\n\t\t\t\t<div class=\"elementor-element elementor-element-4b26205 elementor-widget elementor-widget-image\" data-id=\"4b26205\" data-element_type=\"widget\" data-widget_type=\"image.default\">\n\t\t\t\t<div class=\"elementor-widget-container\">\n\t\t\t\t\t\t\t\t\t\t\t\t\t\t<a href=\"https:\/\/www.sequana-epargne.com\/?page_id=933\">\n\t\t\t\t\t\t\t<img fetchpriority=\"high\" decoding=\"async\" width=\"588\" height=\"354\" src=\"https:\/\/www.sequana-epargne.com\/wp-content\/uploads\/2024\/11\/assur.png\" class=\"attachment-large size-large wp-image-2231\" alt=\"\" srcset=\"https:\/\/www.sequana-epargne.com\/wp-content\/uploads\/2024\/11\/assur.png 588w, https:\/\/www.sequana-epargne.com\/wp-content\/uploads\/2024\/11\/assur-300x181.png 300w\" sizes=\"(max-width: 588px) 100vw, 588px\" \/>\t\t\t\t\t\t\t\t<\/a>\n\t\t\t\t\t\t\t\t\t\t\t\t\t<\/div>\n\t\t\t\t<\/div>\n\t\t\t\t<div class=\"elementor-element elementor-element-ac3f337 elementor-widget elementor-widget-image\" data-id=\"ac3f337\" data-element_type=\"widget\" data-widget_type=\"image.default\">\n\t\t\t\t<div class=\"elementor-widget-container\">\n\t\t\t\t\t\t\t\t\t\t\t\t\t\t<a href=\"https:\/\/www.sequana-epargne.com\/?page_id=931\">\n\t\t\t\t\t\t\t<img decoding=\"async\" width=\"599\" height=\"355\" src=\"https:\/\/www.sequana-epargne.com\/wp-content\/uploads\/2024\/11\/soc-gst-trad.png\" class=\"attachment-large size-large wp-image-2232\" alt=\"\" srcset=\"https:\/\/www.sequana-epargne.com\/wp-content\/uploads\/2024\/11\/soc-gst-trad.png 599w, https:\/\/www.sequana-epargne.com\/wp-content\/uploads\/2024\/11\/soc-gst-trad-300x178.png 300w\" sizes=\"(max-width: 599px) 100vw, 599px\" \/>\t\t\t\t\t\t\t\t<\/a>\n\t\t\t\t\t\t\t\t\t\t\t\t\t<\/div>\n\t\t\t\t<\/div>\n\t\t\t\t<div class=\"elementor-element elementor-element-849198c elementor-widget elementor-widget-image\" data-id=\"849198c\" data-element_type=\"widget\" data-widget_type=\"image.default\">\n\t\t\t\t<div class=\"elementor-widget-container\">\n\t\t\t\t\t\t\t\t\t\t\t\t\t<img decoding=\"async\" width=\"608\" height=\"354\" src=\"https:\/\/www.sequana-epargne.com\/wp-content\/uploads\/2024\/11\/soc-gest-spec.png\" class=\"attachment-large size-large wp-image-2233\" alt=\"\" srcset=\"https:\/\/www.sequana-epargne.com\/wp-content\/uploads\/2024\/11\/soc-gest-spec.png 608w, https:\/\/www.sequana-epargne.com\/wp-content\/uploads\/2024\/11\/soc-gest-spec-300x175.png 300w\" sizes=\"(max-width: 608px) 100vw, 608px\" \/>\t\t\t\t\t\t\t\t\t\t\t\t\t<\/div>\n\t\t\t\t<\/div>\n\t\t\t\t<div class=\"elementor-element elementor-element-d68c203 elementor-widget elementor-widget-image\" data-id=\"d68c203\" data-element_type=\"widget\" data-widget_type=\"image.default\">\n\t\t\t\t<div class=\"elementor-widget-container\">\n\t\t\t\t\t\t\t\t\t\t\t\t\t<img loading=\"lazy\" decoding=\"async\" width=\"588\" height=\"354\" src=\"https:\/\/www.sequana-epargne.com\/wp-content\/uploads\/2024\/11\/spec-struct.png\" class=\"attachment-large size-large wp-image-2234\" alt=\"\" srcset=\"https:\/\/www.sequana-epargne.com\/wp-content\/uploads\/2024\/11\/spec-struct.png 588w, https:\/\/www.sequana-epargne.com\/wp-content\/uploads\/2024\/11\/spec-struct-300x181.png 300w\" sizes=\"(max-width: 588px) 100vw, 588px\" \/>\t\t\t\t\t\t\t\t\t\t\t\t\t<\/div>\n\t\t\t\t<\/div>\n\t\t\t\t\t<\/div>\n\t\t\t\t<\/div>\n\t\t<div class=\"elementor-element elementor-element-4dd5fcc e-flex e-con-boxed e-con e-parent\" data-id=\"4dd5fcc\" data-element_type=\"container\">\n\t\t\t\t\t<div class=\"e-con-inner\">\n\t\t\t\t<div class=\"elementor-element elementor-element-17350f6 elementor-widget elementor-widget-text-editor\" data-id=\"17350f6\" data-element_type=\"widget\" data-widget_type=\"text-editor.default\">\n\t\t\t\t<div class=\"elementor-widget-container\">\n\t\t\t\t\t\t\t<p>Pour en savoir plus, contactez-nous sur\u00a0<strong><a href=\"mailto:contact@sequana-epargne.com\">contact@sequana-epargne.com<\/a><\/strong><\/p>\t\t\t\t\t\t<\/div>\n\t\t\t\t<\/div>\n\t\t\t\t\t<\/div>\n\t\t\t\t<\/div>\n\t\t\t\t<\/div>\n\t\t","protected":false},"excerpt":{"rendered":"<p>Notre ambition est de construire pour et avec nos clients les solutions d&#8217;\u00e9pargne sur mesure les mieux adapt\u00e9es \u00e0 leurs projets, en assemblant et combinant : des v\u00e9hicules d&#8217;investissement : OPCVM et autres fonds d&#8217;investissement investis en titres cot\u00e9s sur des march\u00e9s r\u00e9gul\u00e9s (actions ou obligations) et g\u00e9r\u00e9s par des soci\u00e9t\u00e9s de gestion traditionnelles,\u00a0 ou [&hellip;]<\/p>\n","protected":false},"author":1,"featured_media":0,"parent":0,"menu_order":0,"comment_status":"closed","ping_status":"closed","template":"","meta":{"ocean_post_layout":"","ocean_both_sidebars_style":"","ocean_both_sidebars_content_width":0,"ocean_both_sidebars_sidebars_width":0,"ocean_sidebar":"","ocean_second_sidebar":"","ocean_disable_margins":"enable","ocean_add_body_class":"","ocean_shortcode_before_top_bar":"","ocean_shortcode_after_top_bar":"","ocean_shortcode_before_header":"","ocean_shortcode_after_header":"","ocean_has_shortcode":"","ocean_shortcode_after_title":"","ocean_shortcode_before_footer_widgets":"","ocean_shortcode_after_footer_widgets":"","ocean_shortcode_before_footer_bottom":"","ocean_shortcode_after_footer_bottom":"","ocean_display_top_bar":"default","ocean_display_header":"default","ocean_header_style":"","ocean_center_header_left_menu":"","ocean_custom_header_template":"","ocean_custom_logo":0,"ocean_custom_retina_logo":0,"ocean_custom_logo_max_width":0,"ocean_custom_logo_tablet_max_width":0,"ocean_custom_logo_mobile_max_width":0,"ocean_custom_logo_max_height":0,"ocean_custom_logo_tablet_max_height":0,"ocean_custom_logo_mobile_max_height":0,"ocean_header_custom_menu":"","ocean_menu_typo_font_family":"","ocean_menu_typo_font_subset":"","ocean_menu_typo_font_size":0,"ocean_menu_typo_font_size_tablet":0,"ocean_menu_typo_font_size_mobile":0,"ocean_menu_typo_font_size_unit":"px","ocean_menu_typo_font_weight":"","ocean_menu_typo_font_weight_tablet":"","ocean_menu_typo_font_weight_mobile":"","ocean_menu_typo_transform":"","ocean_menu_typo_transform_tablet":"","ocean_menu_typo_transform_mobile":"","ocean_menu_typo_line_height":0,"ocean_menu_typo_line_height_tablet":0,"ocean_menu_typo_line_height_mobile":0,"ocean_menu_typo_line_height_unit":"","ocean_menu_typo_spacing":0,"ocean_menu_typo_spacing_tablet":0,"ocean_menu_typo_spacing_mobile":0,"ocean_menu_typo_spacing_unit":"","ocean_menu_link_color":"","ocean_menu_link_color_hover":"","ocean_menu_link_color_active":"","ocean_menu_link_background":"","ocean_menu_link_hover_background":"","ocean_menu_link_active_background":"","ocean_menu_social_links_bg":"","ocean_menu_social_hover_links_bg":"","ocean_menu_social_links_color":"","ocean_menu_social_hover_links_color":"","ocean_disable_title":"default","ocean_disable_heading":"default","ocean_post_title":"","ocean_post_subheading":"","ocean_post_title_style":"","ocean_post_title_background_color":"","ocean_post_title_background":0,"ocean_post_title_bg_image_position":"","ocean_post_title_bg_image_attachment":"","ocean_post_title_bg_image_repeat":"","ocean_post_title_bg_image_size":"","ocean_post_title_height":0,"ocean_post_title_bg_overlay":0.5,"ocean_post_title_bg_overlay_color":"","ocean_disable_breadcrumbs":"default","ocean_breadcrumbs_color":"","ocean_breadcrumbs_separator_color":"","ocean_breadcrumbs_links_color":"","ocean_breadcrumbs_links_hover_color":"","ocean_display_footer_widgets":"default","ocean_display_footer_bottom":"default","ocean_custom_footer_template":"","footnotes":""},"class_list":["post-929","page","type-page","status-publish","hentry","entry"],"_links":{"self":[{"href":"https:\/\/www.sequana-epargne.com\/index.php?rest_route=\/wp\/v2\/pages\/929","targetHints":{"allow":["GET"]}}],"collection":[{"href":"https:\/\/www.sequana-epargne.com\/index.php?rest_route=\/wp\/v2\/pages"}],"about":[{"href":"https:\/\/www.sequana-epargne.com\/index.php?rest_route=\/wp\/v2\/types\/page"}],"author":[{"embeddable":true,"href":"https:\/\/www.sequana-epargne.com\/index.php?rest_route=\/wp\/v2\/users\/1"}],"replies":[{"embeddable":true,"href":"https:\/\/www.sequana-epargne.com\/index.php?rest_route=%2Fwp%2Fv2%2Fcomments&post=929"}],"version-history":[{"count":52,"href":"https:\/\/www.sequana-epargne.com\/index.php?rest_route=\/wp\/v2\/pages\/929\/revisions"}],"predecessor-version":[{"id":2393,"href":"https:\/\/www.sequana-epargne.com\/index.php?rest_route=\/wp\/v2\/pages\/929\/revisions\/2393"}],"wp:attachment":[{"href":"https:\/\/www.sequana-epargne.com\/index.php?rest_route=%2Fwp%2Fv2%2Fmedia&parent=929"}],"curies":[{"name":"wp","href":"https:\/\/api.w.org\/{rel}","templated":true}]}}