{"id":2454,"date":"2024-12-09T18:21:14","date_gmt":"2024-12-09T17:21:14","guid":{"rendered":"https:\/\/www.sequana-epargne.com\/sequana-epargne.com\/?page_id=2454"},"modified":"2025-01-27T18:52:37","modified_gmt":"2025-01-27T17:52:37","slug":"lequipe-les-associes","status":"publish","type":"page","link":"https:\/\/www.sequana-epargne.com\/?page_id=2454","title":{"rendered":"l&#8217;\u00e9quipe &#8211; les associ\u00e9s"},"content":{"rendered":"\t\t<div data-elementor-type=\"wp-page\" data-elementor-id=\"2454\" class=\"elementor elementor-2454\">\n\t\t\t\t<div class=\"elementor-element elementor-element-1cd5658 e-flex e-con-boxed e-con e-parent\" data-id=\"1cd5658\" data-element_type=\"container\">\n\t\t\t\t\t<div class=\"e-con-inner\">\n\t\t\t\t<div class=\"elementor-element elementor-element-be2f209 elementor-widget elementor-widget-text-editor\" data-id=\"be2f209\" data-element_type=\"widget\" data-widget_type=\"text-editor.default\">\n\t\t\t\t<div class=\"elementor-widget-container\">\n\t\t\t\t\t\t\t<h2><strong>Sequana Epargne et Patrimoine est n\u00e9e du projet entrepreneurial de professionnels de l&#8217;\u00e9pargne et de la gestion d&#8217;actifs, ayant travaill\u00e9 plus de 30 ans dans ces secteurs et ayant tous exerc\u00e9 des fonctions de direction dans de grands groupes financiers fran\u00e7ais ou europ\u00e9ens. Tout au long de leur parcours professionnel, ils ont \u00e9t\u00e9 confront\u00e9s \u00e0 des contextes de march\u00e9 tr\u00e8s diff\u00e9rents, \u00e0 l&#8217;\u00e9volution r\u00e9glementaire et technique des m\u00e9tiers de l&#8217;\u00e9pargne, \u00e0 des moeds plus ou moins \u00e9ph\u00e9m\u00e8res, \u00e0 plusieurs crise parfois cons\u00e9quences des modes, \u00e0 la mont\u00e9e du num\u00e9rique et \u00e0 l&#8217;apparition de nouveaux types de risques.\u00a0<\/strong><\/h2>\t\t\t\t\t\t<\/div>\n\t\t\t\t<\/div>\n\t\t\t\t\t<\/div>\n\t\t\t\t<\/div>\n\t\t<div class=\"elementor-element elementor-element-6171198 e-flex e-con-boxed e-con e-parent\" data-id=\"6171198\" data-element_type=\"container\">\n\t\t\t\t\t<div class=\"e-con-inner\">\n\t\t<div class=\"elementor-element elementor-element-618e597 e-con-full e-flex e-con e-child\" data-id=\"618e597\" data-element_type=\"container\">\n\t\t\t\t<div class=\"elementor-element elementor-element-23db907 elementor-widget__width-initial elementor-widget elementor-widget-image\" data-id=\"23db907\" data-element_type=\"widget\" data-widget_type=\"image.default\">\n\t\t\t\t<div class=\"elementor-widget-container\">\n\t\t\t\t\t\t\t\t\t\t\t\t\t<img decoding=\"async\" width=\"112\" height=\"107\" src=\"https:\/\/www.sequana-epargne.com\/wp-content\/uploads\/2024\/11\/mario-2-site.png\" class=\"attachment-large size-large wp-image-1194\" alt=\"\" \/>\t\t\t\t\t\t\t\t\t\t\t\t\t<\/div>\n\t\t\t\t<\/div>\n\t\t\t\t<\/div>\n\t\t\t\t<div class=\"elementor-element elementor-element-f44acb7 elementor-widget__width-initial elementor-widget elementor-widget-text-editor\" data-id=\"f44acb7\" data-element_type=\"widget\" data-widget_type=\"text-editor.default\">\n\t\t\t\t<div class=\"elementor-widget-container\">\n\t\t\t\t\t\t\t<p><b>Mario Petrachi<\/b><\/p><p>Fondateur de Sequana Epargne et Patrimoine en octobre 2024, Mario \u00e9tait pr\u00e9alablement Directeur Commercial France de Generali Investments depuis 2019\u00a0 apr\u00e8s avoir dirig\u00e9 les activit\u00e9s de Distribution de BNPP AM pour la France et Monaco pendant plus de 15 ans. Depuis plus de 25 ans Mario a contribu\u00e9 \u00e0 la conception et au d\u00e9veloppement de solutions d\u2019investissement innovantes et performantes \u00e0 destination des Conseillers en Gestion de Patrimoine et des Banques Priv\u00e9es. Mario est dipl\u00f4m\u00e9 de l\u2019IEP de Paris avec f\u00e9licitations du jury, de l\u2019universit\u00e9 de Paris Dauphine ( DESS Banque et Finance) et titulaire de la certification AMF (Autorit\u00e9 des March\u00e9s Financiers).<\/p>\t\t\t\t\t\t<\/div>\n\t\t\t\t<\/div>\n\t\t\t\t\t<\/div>\n\t\t\t\t<\/div>\n\t\t<div class=\"elementor-element elementor-element-d73611b e-flex e-con-boxed e-con e-parent\" data-id=\"d73611b\" data-element_type=\"container\">\n\t\t\t\t\t<div class=\"e-con-inner\">\n\t\t<div class=\"elementor-element elementor-element-0000ec5 e-con-full e-flex e-con e-child\" data-id=\"0000ec5\" data-element_type=\"container\">\n\t\t\t\t<div class=\"elementor-element elementor-element-fb24abc elementor-widget__width-initial elementor-widget elementor-widget-image\" data-id=\"fb24abc\" data-element_type=\"widget\" data-widget_type=\"image.default\">\n\t\t\t\t<div class=\"elementor-widget-container\">\n\t\t\t\t\t\t\t\t\t\t\t\t\t<img decoding=\"async\" width=\"205\" height=\"208\" src=\"https:\/\/www.sequana-epargne.com\/wp-content\/uploads\/2024\/11\/martial2.png\" class=\"attachment-large size-large wp-image-1019\" alt=\"\" \/>\t\t\t\t\t\t\t\t\t\t\t\t\t<\/div>\n\t\t\t\t<\/div>\n\t\t\t\t<\/div>\n\t\t\t\t<div class=\"elementor-element elementor-element-3e5fd94 elementor-widget__width-initial elementor-widget elementor-widget-text-editor\" data-id=\"3e5fd94\" data-element_type=\"widget\" data-widget_type=\"text-editor.default\">\n\t\t\t\t<div class=\"elementor-widget-container\">\n\t\t\t\t\t\t\t<p><b>\u00a0Martial Godet<\/b><\/p><p>Ancien Directeur Commercial Monde de Carmignac, Martial a \u00e9t\u00e9 pendant 6 ans directeur de l\u2019offre produits de la Banque Priv\u00e9e du Groupe BNP Paribas, entre autres en charge de la s\u00e9lection des g\u00e9rants et des solutions d\u2019investissement externes. Il \u00e9tait, avant cela, responsable du d\u00e9veloppement des activit\u00e9s de BNPP AM dans les pays \u00e9mergents. Martial est dipl\u00f4m\u00e9 de HEC.<\/p>\t\t\t\t\t\t<\/div>\n\t\t\t\t<\/div>\n\t\t\t\t\t<\/div>\n\t\t\t\t<\/div>\n\t\t<div class=\"elementor-element elementor-element-3a21d98 e-flex e-con-boxed e-con e-parent\" data-id=\"3a21d98\" data-element_type=\"container\">\n\t\t\t\t\t<div class=\"e-con-inner\">\n\t\t<div class=\"elementor-element elementor-element-18bd15e e-con-full e-flex e-con e-child\" data-id=\"18bd15e\" data-element_type=\"container\">\n\t\t\t\t<div class=\"elementor-element elementor-element-3f905f2 elementor-widget__width-initial elementor-widget elementor-widget-image\" data-id=\"3f905f2\" data-element_type=\"widget\" data-widget_type=\"image.default\">\n\t\t\t\t<div class=\"elementor-widget-container\">\n\t\t\t\t\t\t\t\t\t\t\t\t\t<img decoding=\"async\" width=\"191\" height=\"214\" src=\"https:\/\/www.sequana-epargne.com\/wp-content\/uploads\/2024\/11\/sylvie-malecot-1.jpg\" class=\"attachment-large size-large wp-image-1186\" alt=\"\" \/>\t\t\t\t\t\t\t\t\t\t\t\t\t<\/div>\n\t\t\t\t<\/div>\n\t\t\t\t<\/div>\n\t\t\t\t<div class=\"elementor-element elementor-element-f7fb2f0 elementor-widget elementor-widget-text-editor\" data-id=\"f7fb2f0\" data-element_type=\"widget\" data-widget_type=\"text-editor.default\">\n\t\t\t\t<div class=\"elementor-widget-container\">\n\t\t\t\t\t\t\t<p><b>Sylvie <\/b><b>Malecot<\/b><\/p><p>Pr\u00e9sidente de la plateforme institutionnelle Z4FI et du cabinet d\u2019actuariat Mill\u00e9nium, directrice de l\u2019Association Fran\u00e7aise des Investisseurs Institutionnel (AF2I) de 2018 \u00e0 2023 membre du Comit\u00e9 du Label ISR, Sylvie a dirig\u00e9 la strat\u00e9gie d\u2019investissement du Groupe AG2R\u00a0 La Mondiale de 2006 \u00e0 2009 et occup\u00e9 des postes de responsable d\u2019investissement de plusieurs groupes d\u2019assurances. Sylvie est dipl\u00f4m\u00e9e del\u2019ESSEC, de l\u2019IAF (institut des Actuaires de France), de la SFAF et d\u2019une ma\u00eetrise de droit des affaires de l\u2019Universit\u00e9 Panth\u00e9on Assas.<\/p>\t\t\t\t\t\t<\/div>\n\t\t\t\t<\/div>\n\t\t\t\t\t<\/div>\n\t\t\t\t<\/div>\n\t\t<div class=\"elementor-element elementor-element-73df88a e-flex e-con-boxed e-con e-parent\" data-id=\"73df88a\" data-element_type=\"container\">\n\t\t\t\t\t<div class=\"e-con-inner\">\n\t\t<div class=\"elementor-element elementor-element-bb89f2c e-con-full e-flex e-con e-child\" data-id=\"bb89f2c\" data-element_type=\"container\">\n\t\t\t\t<div class=\"elementor-element elementor-element-e2d10b4 elementor-widget elementor-widget-image\" data-id=\"e2d10b4\" data-element_type=\"widget\" data-widget_type=\"image.default\">\n\t\t\t\t<div class=\"elementor-widget-container\">\n\t\t\t\t\t\t\t\t\t\t\t\t\t<img loading=\"lazy\" decoding=\"async\" width=\"166\" height=\"207\" src=\"https:\/\/www.sequana-epargne.com\/wp-content\/uploads\/2024\/11\/francois.png\" class=\"attachment-large size-large wp-image-1189\" alt=\"\" \/>\t\t\t\t\t\t\t\t\t\t\t\t\t<\/div>\n\t\t\t\t<\/div>\n\t\t\t\t<\/div>\n\t\t<div class=\"elementor-element elementor-element-ff27606 e-con-full e-flex e-con e-child\" data-id=\"ff27606\" data-element_type=\"container\">\n\t\t\t\t<div class=\"elementor-element elementor-element-9fed146 elementor-widget elementor-widget-text-editor\" data-id=\"9fed146\" data-element_type=\"widget\" data-widget_type=\"text-editor.default\">\n\t\t\t\t<div class=\"elementor-widget-container\">\n\t\t\t\t\t\t\t<p><b>\u00a0Fran\u00e7ois <\/b><b>Hullo<\/b><\/p><p>Cadre dirigeant de BNP Paribas Asset Management pendant plus de 20 ans, Fran\u00e7ois y a \u00e9t\u00e9 successivement responsable du d\u00e9veloppement des gestions alternatives, Directeur commercial France, Directeur Commercial Institutionnels Europe et Directeur G\u00e9n\u00e9ral de la filiale su\u00e9doise simultan\u00e9ment, Directeur de la gestion obligataire et Directeur de la Distribution Europe. Il conseille depuis plus de 5 ans des soci\u00e9t\u00e9s de gestion \u00e9trang\u00e8res dans leur strat\u00e9gie commerciale en Europe et en France.<\/p>\t\t\t\t\t\t<\/div>\n\t\t\t\t<\/div>\n\t\t\t\t<\/div>\n\t\t\t\t\t<\/div>\n\t\t\t\t<\/div>\n\t\t<div class=\"elementor-element elementor-element-73cae9a e-flex e-con-boxed e-con e-parent\" data-id=\"73cae9a\" data-element_type=\"container\">\n\t\t\t\t\t<div class=\"e-con-inner\">\n\t\t<div class=\"elementor-element elementor-element-649fb84 e-con-full e-flex e-con e-child\" data-id=\"649fb84\" data-element_type=\"container\">\n\t\t\t\t<div class=\"elementor-element elementor-element-842c862 elementor-widget__width-initial elementor-widget elementor-widget-image\" data-id=\"842c862\" data-element_type=\"widget\" data-widget_type=\"image.default\">\n\t\t\t\t<div class=\"elementor-widget-container\">\n\t\t\t\t\t\t\t\t\t\t\t\t\t<img loading=\"lazy\" decoding=\"async\" width=\"225\" height=\"225\" src=\"https:\/\/www.sequana-epargne.com\/wp-content\/uploads\/2024\/11\/nadine.jpg\" class=\"attachment-large size-large wp-image-1188\" alt=\"\" srcset=\"https:\/\/www.sequana-epargne.com\/wp-content\/uploads\/2024\/11\/nadine.jpg 225w, https:\/\/www.sequana-epargne.com\/wp-content\/uploads\/2024\/11\/nadine-150x150.jpg 150w\" sizes=\"(max-width: 225px) 100vw, 225px\" \/>\t\t\t\t\t\t\t\t\t\t\t\t\t<\/div>\n\t\t\t\t<\/div>\n\t\t\t\t<\/div>\n\t\t<div class=\"elementor-element elementor-element-f7ec99c e-con-full e-flex e-con e-child\" data-id=\"f7ec99c\" data-element_type=\"container\">\n\t\t\t\t<div class=\"elementor-element elementor-element-439eebd elementor-drop-cap-yes elementor-widget__width-initial elementor-drop-cap-view-default elementor-widget elementor-widget-text-editor\" data-id=\"439eebd\" data-element_type=\"widget\" data-settings=\"{&quot;drop_cap&quot;:&quot;yes&quot;}\" data-widget_type=\"text-editor.default\">\n\t\t\t\t<div class=\"elementor-widget-container\">\n\t\t\t\t\t\t\t<p><b>Nadine Le Fouill\u00e9-<\/b><b>Glicenstein<\/b><\/p><p>Responsable pendant pr\u00e8s de 10 ans des activit\u00e9s immobili\u00e8res de la Banque d\u2019affaires du groupe BNP Paribas apr\u00e8s plus de 20 ans d\u2019exp\u00e9rience en analyse financi\u00e8re entre autres sur le secteur immobilier, Nadine conseille aujourd\u2019hui des soci\u00e9t\u00e9s de gestion dans la d\u00e9finition et la mise en place de leur politique RSE \/ ESG. Nadine est dipl\u00f4m\u00e9e de l\u2019IEP de Paris en section \u00e9conomique et financi\u00e8re, du CFA et analyste ESG certifi\u00e9e.\u00a0<\/p>\t\t\t\t\t\t<\/div>\n\t\t\t\t<\/div>\n\t\t\t\t<\/div>\n\t\t\t\t\t<\/div>\n\t\t\t\t<\/div>\n\t\t\t\t<\/div>\n\t\t","protected":false},"excerpt":{"rendered":"<p>Sequana Epargne et Patrimoine est n\u00e9e du projet entrepreneurial de professionnels de l&#8217;\u00e9pargne et de la gestion d&#8217;actifs, ayant travaill\u00e9 plus de 30 ans dans ces secteurs et ayant tous exerc\u00e9 des fonctions de direction dans de grands groupes financiers fran\u00e7ais ou europ\u00e9ens. Tout au long de leur parcours professionnel, ils ont \u00e9t\u00e9 confront\u00e9s \u00e0 [&hellip;]<\/p>\n","protected":false},"author":1,"featured_media":0,"parent":0,"menu_order":0,"comment_status":"closed","ping_status":"closed","template":"","meta":{"ocean_post_layout":"","ocean_both_sidebars_style":"","ocean_both_sidebars_content_width":0,"ocean_both_sidebars_sidebars_width":0,"ocean_sidebar":"","ocean_second_sidebar":"","ocean_disable_margins":"enable","ocean_add_body_class":"","ocean_shortcode_before_top_bar":"","ocean_shortcode_after_top_bar":"","ocean_shortcode_before_header":"","ocean_shortcode_after_header":"","ocean_has_shortcode":"","ocean_shortcode_after_title":"","ocean_shortcode_before_footer_widgets":"","ocean_shortcode_after_footer_widgets":"","ocean_shortcode_before_footer_bottom":"","ocean_shortcode_after_footer_bottom":"","ocean_display_top_bar":"default","ocean_display_header":"default","ocean_header_style":"","ocean_center_header_left_menu":"","ocean_custom_header_template":"","ocean_custom_logo":0,"ocean_custom_retina_logo":0,"ocean_custom_logo_max_width":0,"ocean_custom_logo_tablet_max_width":0,"ocean_custom_logo_mobile_max_width":0,"ocean_custom_logo_max_height":0,"ocean_custom_logo_tablet_max_height":0,"ocean_custom_logo_mobile_max_height":0,"ocean_header_custom_menu":"","ocean_menu_typo_font_family":"","ocean_menu_typo_font_subset":"","ocean_menu_typo_font_size":0,"ocean_menu_typo_font_size_tablet":0,"ocean_menu_typo_font_size_mobile":0,"ocean_menu_typo_font_size_unit":"px","ocean_menu_typo_font_weight":"","ocean_menu_typo_font_weight_tablet":"","ocean_menu_typo_font_weight_mobile":"","ocean_menu_typo_transform":"","ocean_menu_typo_transform_tablet":"","ocean_menu_typo_transform_mobile":"","ocean_menu_typo_line_height":0,"ocean_menu_typo_line_height_tablet":0,"ocean_menu_typo_line_height_mobile":0,"ocean_menu_typo_line_height_unit":"","ocean_menu_typo_spacing":0,"ocean_menu_typo_spacing_tablet":0,"ocean_menu_typo_spacing_mobile":0,"ocean_menu_typo_spacing_unit":"","ocean_menu_link_color":"","ocean_menu_link_color_hover":"","ocean_menu_link_color_active":"","ocean_menu_link_background":"","ocean_menu_link_hover_background":"","ocean_menu_link_active_background":"","ocean_menu_social_links_bg":"","ocean_menu_social_hover_links_bg":"","ocean_menu_social_links_color":"","ocean_menu_social_hover_links_color":"","ocean_disable_title":"default","ocean_disable_heading":"default","ocean_post_title":"","ocean_post_subheading":"","ocean_post_title_style":"","ocean_post_title_background_color":"","ocean_post_title_background":0,"ocean_post_title_bg_image_position":"","ocean_post_title_bg_image_attachment":"","ocean_post_title_bg_image_repeat":"","ocean_post_title_bg_image_size":"","ocean_post_title_height":0,"ocean_post_title_bg_overlay":0.5,"ocean_post_title_bg_overlay_color":"","ocean_disable_breadcrumbs":"default","ocean_breadcrumbs_color":"","ocean_breadcrumbs_separator_color":"","ocean_breadcrumbs_links_color":"","ocean_breadcrumbs_links_hover_color":"","ocean_display_footer_widgets":"default","ocean_display_footer_bottom":"default","ocean_custom_footer_template":"","footnotes":""},"class_list":["post-2454","page","type-page","status-publish","hentry","entry"],"_links":{"self":[{"href":"https:\/\/www.sequana-epargne.com\/index.php?rest_route=\/wp\/v2\/pages\/2454","targetHints":{"allow":["GET"]}}],"collection":[{"href":"https:\/\/www.sequana-epargne.com\/index.php?rest_route=\/wp\/v2\/pages"}],"about":[{"href":"https:\/\/www.sequana-epargne.com\/index.php?rest_route=\/wp\/v2\/types\/page"}],"author":[{"embeddable":true,"href":"https:\/\/www.sequana-epargne.com\/index.php?rest_route=\/wp\/v2\/users\/1"}],"replies":[{"embeddable":true,"href":"https:\/\/www.sequana-epargne.com\/index.php?rest_route=%2Fwp%2Fv2%2Fcomments&post=2454"}],"version-history":[{"count":25,"href":"https:\/\/www.sequana-epargne.com\/index.php?rest_route=\/wp\/v2\/pages\/2454\/revisions"}],"predecessor-version":[{"id":2678,"href":"https:\/\/www.sequana-epargne.com\/index.php?rest_route=\/wp\/v2\/pages\/2454\/revisions\/2678"}],"wp:attachment":[{"href":"https:\/\/www.sequana-epargne.com\/index.php?rest_route=%2Fwp%2Fv2%2Fmedia&parent=2454"}],"curies":[{"name":"wp","href":"https:\/\/api.w.org\/{rel}","templated":true}]}}