{"id":2007,"date":"2024-11-22T15:37:36","date_gmt":"2024-11-22T14:37:36","guid":{"rendered":"https:\/\/www.sequana-epargne.com\/sequana-epargne.com\/?page_id=2007"},"modified":"2025-01-27T19:16:53","modified_gmt":"2025-01-27T18:16:53","slug":"lepargne-et-linvestissement-de-long-terme-sont-nos-metiers","status":"publish","type":"page","link":"https:\/\/www.sequana-epargne.com\/?page_id=2007","title":{"rendered":"L&#8217;\u00e9pargne et l&#8217;investissement de long terme sont nos m\u00e9tiers"},"content":{"rendered":"\t\t<div data-elementor-type=\"wp-page\" data-elementor-id=\"2007\" class=\"elementor elementor-2007\">\n\t\t\t\t<div class=\"elementor-element elementor-element-ce1fa02 e-flex e-con-boxed e-con e-parent\" data-id=\"ce1fa02\" data-element_type=\"container\">\n\t\t\t\t\t<div class=\"e-con-inner\">\n\t\t\t\t<div class=\"elementor-element elementor-element-0e7b16b elementor-widget elementor-widget-text-editor\" data-id=\"0e7b16b\" data-element_type=\"widget\" data-widget_type=\"text-editor.default\">\n\t\t\t\t<div class=\"elementor-widget-container\">\n\t\t\t\t\t\t\t<p><strong>N\u00e9e du projet entrepreneurial de <a href=\"https:\/\/www.sequana-epargne.com\/?page_id=927\">\u00a0sp\u00e9cialistes de l&#8217;\u00e9pargne<\/a><\/strong> disposant tous d&#8217;une exp\u00e9rience de plus de 30 ans dans la gestion d&#8217;actifs, <strong>Sequana Epargne et Patrimoine<\/strong> offre \u00e0 chaque \u00e9pargnant des conseils et des solutions d&#8217;\u00e9pargne sur mesure, d&#8217;une qualit\u00e9 comparable \u00e0 ceux que les grandes banques priv\u00e9es r\u00e9servent aux m\u00e9nages les plus fortun\u00e9s, et \u00e0 <strong>des conditions tarifaires tr\u00e8s raisonnables.<\/strong><\/p>\t\t\t\t\t\t<\/div>\n\t\t\t\t<\/div>\n\t\t\t\t\t<\/div>\n\t\t\t\t<\/div>\n\t\t<div class=\"elementor-element elementor-element-f202d0e e-grid e-con-boxed e-con e-parent\" data-id=\"f202d0e\" data-element_type=\"container\">\n\t\t\t\t\t<div class=\"e-con-inner\">\n\t\t\t\t<div class=\"elementor-element elementor-element-cac7b6d elementor-widget elementor-widget-image\" data-id=\"cac7b6d\" data-element_type=\"widget\" data-widget_type=\"image.default\">\n\t\t\t\t<div class=\"elementor-widget-container\">\n\t\t\t\t\t\t\t\t\t\t\t\t\t<img fetchpriority=\"high\" decoding=\"async\" width=\"537\" height=\"229\" src=\"https:\/\/www.sequana-epargne.com\/wp-content\/uploads\/2024\/11\/epargner.png\" class=\"attachment-large size-large wp-image-2050\" alt=\"\" srcset=\"https:\/\/www.sequana-epargne.com\/wp-content\/uploads\/2024\/11\/epargner.png 537w, https:\/\/www.sequana-epargne.com\/wp-content\/uploads\/2024\/11\/epargner-300x128.png 300w\" sizes=\"(max-width: 537px) 100vw, 537px\" \/>\t\t\t\t\t\t\t\t\t\t\t\t\t<\/div>\n\t\t\t\t<\/div>\n\t\t\t\t<div class=\"elementor-element elementor-element-ca8828a elementor-widget elementor-widget-image\" data-id=\"ca8828a\" data-element_type=\"widget\" data-widget_type=\"image.default\">\n\t\t\t\t<div class=\"elementor-widget-container\">\n\t\t\t\t\t\t\t\t\t\t\t\t\t<img decoding=\"async\" width=\"592\" height=\"229\" src=\"https:\/\/www.sequana-epargne.com\/wp-content\/uploads\/2024\/11\/investir.png\" class=\"attachment-large size-large wp-image-2052\" alt=\"\" srcset=\"https:\/\/www.sequana-epargne.com\/wp-content\/uploads\/2024\/11\/investir.png 592w, https:\/\/www.sequana-epargne.com\/wp-content\/uploads\/2024\/11\/investir-300x116.png 300w\" sizes=\"(max-width: 592px) 100vw, 592px\" \/>\t\t\t\t\t\t\t\t\t\t\t\t\t<\/div>\n\t\t\t\t<\/div>\n\t\t\t\t<div class=\"elementor-element elementor-element-7ae0ba9 elementor-widget elementor-widget-image\" data-id=\"7ae0ba9\" data-element_type=\"widget\" data-widget_type=\"image.default\">\n\t\t\t\t<div class=\"elementor-widget-container\">\n\t\t\t\t\t\t\t\t\t\t\t\t\t<img decoding=\"async\" width=\"478\" height=\"229\" src=\"https:\/\/www.sequana-epargne.com\/wp-content\/uploads\/2024\/11\/speculer.png\" class=\"attachment-large size-large wp-image-2053\" alt=\"\" srcset=\"https:\/\/www.sequana-epargne.com\/wp-content\/uploads\/2024\/11\/speculer.png 478w, https:\/\/www.sequana-epargne.com\/wp-content\/uploads\/2024\/11\/speculer-300x144.png 300w\" sizes=\"(max-width: 478px) 100vw, 478px\" \/>\t\t\t\t\t\t\t\t\t\t\t\t\t<\/div>\n\t\t\t\t<\/div>\n\t\t\t\t\t<\/div>\n\t\t\t\t<\/div>\n\t\t<div class=\"elementor-element elementor-element-b905845 e-flex e-con-boxed e-con e-parent\" data-id=\"b905845\" data-element_type=\"container\">\n\t\t\t\t\t<div class=\"e-con-inner\">\n\t\t\t\t<div class=\"elementor-element elementor-element-d116d3e elementor-widget elementor-widget-text-editor\" data-id=\"d116d3e\" data-element_type=\"widget\" data-widget_type=\"text-editor.default\">\n\t\t\t\t<div class=\"elementor-widget-container\">\n\t\t\t\t\t\t\t<p>Notre mission consiste \u00e0 <strong>aider nos clients \u00e0 optimiser la gestion de leur \u00e9pargne \u00e0 long terme afin de maximiser leur capital<\/strong>, en tenant compte de leur profil d&#8217;investisseur, de leur\u00a0 situation familiale et professionnelle ainsi que de la finalit\u00e9 des sommes accumul\u00e9es.<\/p><p>Gr\u00e2ce \u00e0 <strong>notre exp\u00e9rience et aux relations que nous entretenons avec les plus grandes institutions financi\u00e8res et investisseurs institutionnels<\/strong>, nous sommes \u00e0 m\u00eame d&#8217;identifier les meilleures opportunit\u00e9s d&#8217;investissement, mais surtout d&#8217;\u00e9viter les pi\u00e8ges.\u00a0\u00a0<\/p><p><strong>La dimension temporelle et la <a href=\"https:\/\/www.sequana-epargne.com\/wp-admin\/post.php?post=2416&amp;action=elementor\">diversification<\/a> sont au c\u0153ur de notre approche.<\/strong><\/p><p>La dimension temporelle s&#8217;exprime par la\u00a0 <strong>d\u00e9finition et le respect d&#8217;un horizon d&#8217;investissement dont d\u00e9pendra la structure du portefeuille conseill\u00e9<\/strong>, et par l&#8217;exposition et puis la d\u00e9sensibilisation progressive au march\u00e9 des actions, sur plusieurs mois, voire plusieurs ann\u00e9es.\u00a0<\/p><p><strong>La <a href=\"https:\/\/www.sequana-epargne.com\/wp-admin\/post.php?post=2416&amp;action=elementor\">diversification<\/a> que nous conseillons\u00a0 et aidons \u00e0 impl\u00e9menter r\u00e9pond au principe de ne pas mettre tos ses \u0153ufs dans le m\u00eame panier. Nous recommandons de construire des portefeuilles tr\u00e8s diversifi\u00e9s en termes de classes d&#8217;actifs, de zones g\u00e9ographiques, de pays, de secteurs d&#8217;activit\u00e9s et d&#8217;industries, de partenaires, de fonds et de styles de gestion.\u00a0<\/strong><\/p><p><strong>Nous ne conseillons que les classes d&#8217;actifs et solutions d&#8217;investissement dont nous comprenons le fonctionnement<\/strong>, en particulier en ce qui concerne les risques,\u00a0 que nous avons pr\u00e9alablement analys\u00e9s, et <strong>\u00e9vitons les effets de mode et les produits aux esp\u00e9rances de gains trop all\u00e9chants.<\/strong> \u00a0<\/p>\t\t\t\t\t\t<\/div>\n\t\t\t\t<\/div>\n\t\t\t\t\t<\/div>\n\t\t\t\t<\/div>\n\t\t<div class=\"elementor-element elementor-element-54fe052 e-grid e-con-boxed e-con e-parent\" data-id=\"54fe052\" data-element_type=\"container\">\n\t\t\t\t\t<div class=\"e-con-inner\">\n\t\t\t\t<div class=\"elementor-element elementor-element-aac4b2c elementor-widget elementor-widget-image\" data-id=\"aac4b2c\" data-element_type=\"widget\" data-widget_type=\"image.default\">\n\t\t\t\t<div class=\"elementor-widget-container\">\n\t\t\t\t\t\t\t\t\t\t\t\t\t<img loading=\"lazy\" decoding=\"async\" width=\"537\" height=\"229\" src=\"https:\/\/www.sequana-epargne.com\/wp-content\/uploads\/2024\/11\/epargner-1.png\" class=\"attachment-large size-large wp-image-2051\" alt=\"\" srcset=\"https:\/\/www.sequana-epargne.com\/wp-content\/uploads\/2024\/11\/epargner-1.png 537w, https:\/\/www.sequana-epargne.com\/wp-content\/uploads\/2024\/11\/epargner-1-300x128.png 300w\" sizes=\"(max-width: 537px) 100vw, 537px\" \/>\t\t\t\t\t\t\t\t\t\t\t\t\t<\/div>\n\t\t\t\t<\/div>\n\t\t\t\t<div class=\"elementor-element elementor-element-60d7458 elementor-widget elementor-widget-image\" data-id=\"60d7458\" data-element_type=\"widget\" data-widget_type=\"image.default\">\n\t\t\t\t<div class=\"elementor-widget-container\">\n\t\t\t\t\t\t\t\t\t\t\t\t\t<img decoding=\"async\" width=\"592\" height=\"229\" src=\"https:\/\/www.sequana-epargne.com\/wp-content\/uploads\/2024\/11\/investir.png\" class=\"attachment-large size-large wp-image-2052\" alt=\"\" srcset=\"https:\/\/www.sequana-epargne.com\/wp-content\/uploads\/2024\/11\/investir.png 592w, https:\/\/www.sequana-epargne.com\/wp-content\/uploads\/2024\/11\/investir-300x116.png 300w\" sizes=\"(max-width: 592px) 100vw, 592px\" \/>\t\t\t\t\t\t\t\t\t\t\t\t\t<\/div>\n\t\t\t\t<\/div>\n\t\t\t\t<div class=\"elementor-element elementor-element-d62b8e0 elementor-widget elementor-widget-image\" data-id=\"d62b8e0\" data-element_type=\"widget\" data-widget_type=\"image.default\">\n\t\t\t\t<div class=\"elementor-widget-container\">\n\t\t\t\t\t\t\t\t\t\t\t\t\t<img decoding=\"async\" width=\"478\" height=\"229\" src=\"https:\/\/www.sequana-epargne.com\/wp-content\/uploads\/2024\/11\/speculer.png\" class=\"attachment-large size-large wp-image-2053\" alt=\"\" srcset=\"https:\/\/www.sequana-epargne.com\/wp-content\/uploads\/2024\/11\/speculer.png 478w, https:\/\/www.sequana-epargne.com\/wp-content\/uploads\/2024\/11\/speculer-300x144.png 300w\" sizes=\"(max-width: 478px) 100vw, 478px\" \/>\t\t\t\t\t\t\t\t\t\t\t\t\t<\/div>\n\t\t\t\t<\/div>\n\t\t\t\t\t<\/div>\n\t\t\t\t<\/div>\n\t\t\t\t<\/div>\n\t\t","protected":false},"excerpt":{"rendered":"<p>N\u00e9e du projet entrepreneurial de \u00a0sp\u00e9cialistes de l&#8217;\u00e9pargne disposant tous d&#8217;une exp\u00e9rience de plus de 30 ans dans la gestion d&#8217;actifs, Sequana Epargne et Patrimoine offre \u00e0 chaque \u00e9pargnant des conseils et des solutions d&#8217;\u00e9pargne sur mesure, d&#8217;une qualit\u00e9 comparable \u00e0 ceux que les grandes banques priv\u00e9es r\u00e9servent aux m\u00e9nages les plus fortun\u00e9s, et \u00e0 [&hellip;]<\/p>\n","protected":false},"author":1,"featured_media":0,"parent":0,"menu_order":0,"comment_status":"closed","ping_status":"closed","template":"","meta":{"ocean_post_layout":"","ocean_both_sidebars_style":"","ocean_both_sidebars_content_width":0,"ocean_both_sidebars_sidebars_width":0,"ocean_sidebar":"","ocean_second_sidebar":"","ocean_disable_margins":"enable","ocean_add_body_class":"","ocean_shortcode_before_top_bar":"","ocean_shortcode_after_top_bar":"","ocean_shortcode_before_header":"","ocean_shortcode_after_header":"","ocean_has_shortcode":"","ocean_shortcode_after_title":"","ocean_shortcode_before_footer_widgets":"","ocean_shortcode_after_footer_widgets":"","ocean_shortcode_before_footer_bottom":"","ocean_shortcode_after_footer_bottom":"","ocean_display_top_bar":"default","ocean_display_header":"default","ocean_header_style":"","ocean_center_header_left_menu":"","ocean_custom_header_template":"","ocean_custom_logo":0,"ocean_custom_retina_logo":0,"ocean_custom_logo_max_width":0,"ocean_custom_logo_tablet_max_width":0,"ocean_custom_logo_mobile_max_width":0,"ocean_custom_logo_max_height":0,"ocean_custom_logo_tablet_max_height":0,"ocean_custom_logo_mobile_max_height":0,"ocean_header_custom_menu":"","ocean_menu_typo_font_family":"","ocean_menu_typo_font_subset":"","ocean_menu_typo_font_size":0,"ocean_menu_typo_font_size_tablet":0,"ocean_menu_typo_font_size_mobile":0,"ocean_menu_typo_font_size_unit":"px","ocean_menu_typo_font_weight":"","ocean_menu_typo_font_weight_tablet":"","ocean_menu_typo_font_weight_mobile":"","ocean_menu_typo_transform":"","ocean_menu_typo_transform_tablet":"","ocean_menu_typo_transform_mobile":"","ocean_menu_typo_line_height":0,"ocean_menu_typo_line_height_tablet":0,"ocean_menu_typo_line_height_mobile":0,"ocean_menu_typo_line_height_unit":"","ocean_menu_typo_spacing":0,"ocean_menu_typo_spacing_tablet":0,"ocean_menu_typo_spacing_mobile":0,"ocean_menu_typo_spacing_unit":"","ocean_menu_link_color":"","ocean_menu_link_color_hover":"","ocean_menu_link_color_active":"","ocean_menu_link_background":"","ocean_menu_link_hover_background":"","ocean_menu_link_active_background":"","ocean_menu_social_links_bg":"","ocean_menu_social_hover_links_bg":"","ocean_menu_social_links_color":"","ocean_menu_social_hover_links_color":"","ocean_disable_title":"default","ocean_disable_heading":"default","ocean_post_title":"","ocean_post_subheading":"","ocean_post_title_style":"","ocean_post_title_background_color":"","ocean_post_title_background":0,"ocean_post_title_bg_image_position":"","ocean_post_title_bg_image_attachment":"","ocean_post_title_bg_image_repeat":"","ocean_post_title_bg_image_size":"","ocean_post_title_height":0,"ocean_post_title_bg_overlay":0.5,"ocean_post_title_bg_overlay_color":"","ocean_disable_breadcrumbs":"default","ocean_breadcrumbs_color":"","ocean_breadcrumbs_separator_color":"","ocean_breadcrumbs_links_color":"","ocean_breadcrumbs_links_hover_color":"","ocean_display_footer_widgets":"default","ocean_display_footer_bottom":"default","ocean_custom_footer_template":"","footnotes":""},"class_list":["post-2007","page","type-page","status-publish","hentry","entry"],"_links":{"self":[{"href":"https:\/\/www.sequana-epargne.com\/index.php?rest_route=\/wp\/v2\/pages\/2007","targetHints":{"allow":["GET"]}}],"collection":[{"href":"https:\/\/www.sequana-epargne.com\/index.php?rest_route=\/wp\/v2\/pages"}],"about":[{"href":"https:\/\/www.sequana-epargne.com\/index.php?rest_route=\/wp\/v2\/types\/page"}],"author":[{"embeddable":true,"href":"https:\/\/www.sequana-epargne.com\/index.php?rest_route=\/wp\/v2\/users\/1"}],"replies":[{"embeddable":true,"href":"https:\/\/www.sequana-epargne.com\/index.php?rest_route=%2Fwp%2Fv2%2Fcomments&post=2007"}],"version-history":[{"count":43,"href":"https:\/\/www.sequana-epargne.com\/index.php?rest_route=\/wp\/v2\/pages\/2007\/revisions"}],"predecessor-version":[{"id":2715,"href":"https:\/\/www.sequana-epargne.com\/index.php?rest_route=\/wp\/v2\/pages\/2007\/revisions\/2715"}],"wp:attachment":[{"href":"https:\/\/www.sequana-epargne.com\/index.php?rest_route=%2Fwp%2Fv2%2Fmedia&parent=2007"}],"curies":[{"name":"wp","href":"https:\/\/api.w.org\/{rel}","templated":true}]}}