{"id":1945,"date":"2024-11-22T14:45:18","date_gmt":"2024-11-22T13:45:18","guid":{"rendered":"https:\/\/www.sequana-epargne.com\/sequana-epargne.com\/?page_id=1945"},"modified":"2025-05-21T15:32:30","modified_gmt":"2025-05-21T13:32:30","slug":"notre-proposition-de-valeur","status":"publish","type":"page","link":"https:\/\/www.sequana-epargne.com\/","title":{"rendered":"Pourquoi Nous ?"},"content":{"rendered":"\t\t<div data-elementor-type=\"wp-page\" data-elementor-id=\"1945\" class=\"elementor elementor-1945\">\n\t\t\t\t<div class=\"elementor-element elementor-element-db00e91 e-flex e-con-boxed e-con e-parent\" data-id=\"db00e91\" data-element_type=\"container\">\n\t\t\t\t\t<div class=\"e-con-inner\">\n\t\t\t\t<div class=\"elementor-element elementor-element-200c148 elementor-widget elementor-widget-text-editor\" data-id=\"200c148\" data-element_type=\"widget\" data-widget_type=\"text-editor.default\">\n\t\t\t\t<div class=\"elementor-widget-container\">\n\t\t\t\t\t\t\t<p><strong>Sequana Epargne et Patrimoine :\u00a0<\/strong><\/p><p><strong>Toute l&#8217;\u00e9pargne dans une boucle de la Seine !<\/strong><\/p>\t\t\t\t\t\t<\/div>\n\t\t\t\t<\/div>\n\t\t\t\t\t<\/div>\n\t\t\t\t<\/div>\n\t\t<div class=\"elementor-element elementor-element-d00d382 e-flex e-con-boxed e-con e-parent\" data-id=\"d00d382\" data-element_type=\"container\">\n\t\t\t\t\t<div class=\"e-con-inner\">\n\t\t<div class=\"elementor-element elementor-element-9c4d0d1 e-con-full e-flex e-con e-child\" data-id=\"9c4d0d1\" data-element_type=\"container\">\n\t\t\t\t<div class=\"elementor-element elementor-element-91f1985 elementor-widget elementor-widget-image\" data-id=\"91f1985\" data-element_type=\"widget\" data-widget_type=\"image.default\">\n\t\t\t\t<div class=\"elementor-widget-container\">\n\t\t\t\t\t\t\t\t\t\t\t\t\t<img fetchpriority=\"high\" decoding=\"async\" width=\"450\" height=\"450\" src=\"https:\/\/www.sequana-epargne.com\/wp-content\/uploads\/2025\/01\/Image-linkdin-2.png\" class=\"attachment-large size-large wp-image-2644\" alt=\"\" srcset=\"https:\/\/www.sequana-epargne.com\/wp-content\/uploads\/2025\/01\/Image-linkdin-2.png 450w, https:\/\/www.sequana-epargne.com\/wp-content\/uploads\/2025\/01\/Image-linkdin-2-300x300.png 300w, https:\/\/www.sequana-epargne.com\/wp-content\/uploads\/2025\/01\/Image-linkdin-2-150x150.png 150w\" sizes=\"(max-width: 450px) 100vw, 450px\" \/>\t\t\t\t\t\t\t\t\t\t\t\t\t<\/div>\n\t\t\t\t<\/div>\n\t\t\t\t<div class=\"elementor-element elementor-element-a43dc57 elementor-widget elementor-widget-text-editor\" data-id=\"a43dc57\" data-element_type=\"widget\" data-widget_type=\"text-editor.default\">\n\t\t\t\t<div class=\"elementor-widget-container\">\n\t\t\t\t\t\t\t<p>Mario Petrachi,\u00a0<\/p><p>Pr\u00e9sident fondateur<\/p>\t\t\t\t\t\t<\/div>\n\t\t\t\t<\/div>\n\t\t\t\t<\/div>\n\t\t<div class=\"elementor-element elementor-element-7e37946 e-con-full e-flex e-con e-child\" data-id=\"7e37946\" data-element_type=\"container\">\n\t\t\t\t<div class=\"elementor-element elementor-element-968fae4 elementor-widget__width-initial elementor-widget elementor-widget-text-editor\" data-id=\"968fae4\" data-element_type=\"widget\" data-widget_type=\"text-editor.default\">\n\t\t\t\t<div class=\"elementor-widget-container\">\n\t\t\t\t\t\t\t<p><b>\u00ab\u00a0Chaque \u00e9pargnant<\/b> <b>m\u00e9rite de bons conseils et des produits d\u2019excellence.<\/b><\/p><p><b>Sequana<\/b> <b>Epargne<\/b> <b>et<\/b> <b>Patrimoine propose \u00e0 chaque famille des solutions sur mesure, construites en combinant les expertises des meilleurs sp\u00e9cialistes du monde entier, s\u00e9lectionn\u00e9s sur la base de leurs<\/b> <b>performances,<\/b> <b>de leur qualit\u00e9 de service et de leur solidit\u00e9 financi\u00e8re.\u00a0\u00bb<\/b><\/p><p><a href=\"mailto:contact@sequana-epargne.com\">contact@sequana-epargne.com<\/a><\/p>\t\t\t\t\t\t<\/div>\n\t\t\t\t<\/div>\n\t\t\t\t<\/div>\n\t\t\t\t\t<\/div>\n\t\t\t\t<\/div>\n\t\t<div class=\"elementor-element elementor-element-9318d00 e-flex e-con-boxed e-con e-parent\" data-id=\"9318d00\" data-element_type=\"container\">\n\t\t\t\t\t<div class=\"e-con-inner\">\n\t\t\t\t<div class=\"elementor-element elementor-element-83d32cb elementor-widget elementor-widget-text-editor\" data-id=\"83d32cb\" data-element_type=\"widget\" data-widget_type=\"text-editor.default\">\n\t\t\t\t<div class=\"elementor-widget-container\">\n\t\t\t\t\t\t\t<p><strong>Sequana Epargne et Patrimoine : <\/strong>une soci\u00e9t\u00e9 de conseil en gestion de patrimoine sp\u00e9cialis\u00e9e dans la mise en place de solutions d&#8217;\u00e9pargne sur mesure, en particulier en vue de la pr\u00e9paration \u00e0 la retraite.\u00a0<\/p>\t\t\t\t\t\t<\/div>\n\t\t\t\t<\/div>\n\t\t\t\t\t<\/div>\n\t\t\t\t<\/div>\n\t\t<div class=\"elementor-element elementor-element-344802b e-flex e-con-boxed e-con e-parent\" data-id=\"344802b\" data-element_type=\"container\">\n\t\t\t\t\t<div class=\"e-con-inner\">\n\t\t\t\t<div class=\"elementor-element elementor-element-04bb3ea elementor-widget elementor-widget-text-editor\" data-id=\"04bb3ea\" data-element_type=\"widget\" data-widget_type=\"text-editor.default\">\n\t\t\t\t<div class=\"elementor-widget-container\">\n\t\t\t\t\t\t\t<p>Pour en savoir plus sur notre m\u00e9tier de Conseil en Gestion de Patrimoine, acc\u00e9dez \u00e0 la video de notre association professionnelle, la CNCGP, en cliquant <a href=\"https:\/\/www.youtube.com\/watch?v=2p9VpVzBgOs\" target=\"_blank\" rel=\"noopener\">ici<\/a>\u00a0<\/p>\t\t\t\t\t\t<\/div>\n\t\t\t\t<\/div>\n\t\t\t\t\t<\/div>\n\t\t\t\t<\/div>\n\t\t<div class=\"elementor-element elementor-element-477a3ea e-flex e-con-boxed e-con e-parent\" data-id=\"477a3ea\" data-element_type=\"container\">\n\t\t\t\t\t<div class=\"e-con-inner\">\n\t\t\t\t<div class=\"elementor-element elementor-element-1b79e25 elementor-widget__width-initial elementor-widget elementor-widget-text-editor\" data-id=\"1b79e25\" data-element_type=\"widget\" data-widget_type=\"text-editor.default\">\n\t\t\t\t<div class=\"elementor-widget-container\">\n\t\t\t\t\t\t\t<p><strong>Notre raison d&#8217;\u00eatre :<\/strong>\u00a0 offrir \u00e0 chaque famille un conseil patrimonial\u00a0 personnalis\u00e9 et\u00a0 des solutions d\u2019\u00e9pargne\u00a0 de qualit\u00e9 comparable \u00e0 celle des meilleures banques priv\u00e9es.<\/p>\t\t\t\t\t\t<\/div>\n\t\t\t\t<\/div>\n\t\t\t\t\t<\/div>\n\t\t\t\t<\/div>\n\t\t<div class=\"elementor-element elementor-element-b580136 e-flex e-con-boxed e-con e-parent\" data-id=\"b580136\" data-element_type=\"container\">\n\t\t\t\t\t<div class=\"e-con-inner\">\n\t\t\t\t<div class=\"elementor-element elementor-element-a35c151 elementor-widget__width-initial elementor-widget elementor-widget-text-editor\" data-id=\"a35c151\" data-element_type=\"widget\" data-widget_type=\"text-editor.default\">\n\t\t\t\t<div class=\"elementor-widget-container\">\n\t\t\t\t\t\t\t<p><b>Notre conviction <\/b><b>:<\/b>\u00a0la performance de l\u2019\u00e9pargne repose sur 3 principes fondamentaux\u00a0<\/p><p><span style=\"font-size: 30px; letter-spacing: 0px;\">1) <b>U<\/b><\/span><span style=\"font-size: 30px; letter-spacing: 0px;\"><b>ne performance robuste se construit dans la dur\u00e9e <\/b>: l\u2019horizon d\u2019investissement, la programmation et la r\u00e9gularit\u00e9 des versements mais aussi des retraits sont des donn\u00e9es fondamentales,<\/span><\/p><p>2)\u00a0<b>Une diversification optimale, <\/b>\u00e0 la fois en termes de classes d\u2019actifs (actions, obligations, immobilier, fonds euro d&#8217;assurance vie, actifs priv\u00e9s non cot\u00e9s&#8230;) de zones g\u00e9ographiques, est essentielle : les opportunit\u00e9s d\u2019investissement sont mondiales et la diversification internationale d\u2019un portefeuille est d\u00e9sormais non seulement possible mais incontournable,<\/p><p>3)\u00a0<b>La s\u00e9lection des meilleurs supports de placement aupr\u00e8s des meilleurs experts mondiaux, ou \u00ab architecture ouverte \u00bb :<\/b>\u00a0nous ne proposons que des <b>placements<\/b><b>\u00a0<\/b><b>s\u00e9lectionn\u00e9s sur <\/b><b>la base de crit\u00e8res de performance et de qualit\u00e9 tr\u00e8s stricts<\/b>. Nous ne travaillons qu\u2019avec des <b>partenaires <\/b><b>de premier plan<\/b> \u2013 assureurs, soci\u00e9t\u00e9s de gestion, banques\u2026 &#8211; r\u00e9glement\u00e9s ou agr\u00e9\u00e9s par les autorit\u00e9 mon\u00e9taires et financi\u00e8res fran\u00e7aises (AMF, ACPR, Banque de France), \u00e0 la solidit\u00e9 financi\u00e8re indiscutable et qui se classent parmi <b>les <\/b><b>meilleurs acteurs mondiaux <\/b><b>dans leur sp\u00e9cialit\u00e9<\/b>.<\/p>\t\t\t\t\t\t<\/div>\n\t\t\t\t<\/div>\n\t\t\t\t\t<\/div>\n\t\t\t\t<\/div>\n\t\t<div class=\"elementor-element elementor-element-f3882d6 e-con-full e-flex e-con e-parent\" data-id=\"f3882d6\" data-element_type=\"container\">\n\t\t\t\t<div class=\"elementor-element elementor-element-b9efaf1 elementor-widget__width-initial elementor-widget elementor-widget-image\" data-id=\"b9efaf1\" data-element_type=\"widget\" data-widget_type=\"image.default\">\n\t\t\t\t<div class=\"elementor-widget-container\">\n\t\t\t\t\t\t\t\t\t\t\t\t\t\t<a href=\"https:\/\/www.sequana-epargne.com\/?page_id=2337\">\n\t\t\t\t\t\t\t<img decoding=\"async\" width=\"773\" height=\"323\" src=\"https:\/\/www.sequana-epargne.com\/wp-content\/uploads\/2024\/12\/valeurs.png\" class=\"attachment-large size-large wp-image-2550\" alt=\"\" srcset=\"https:\/\/www.sequana-epargne.com\/wp-content\/uploads\/2024\/12\/valeurs.png 773w, https:\/\/www.sequana-epargne.com\/wp-content\/uploads\/2024\/12\/valeurs-300x125.png 300w, https:\/\/www.sequana-epargne.com\/wp-content\/uploads\/2024\/12\/valeurs-768x321.png 768w\" sizes=\"(max-width: 773px) 100vw, 773px\" \/>\t\t\t\t\t\t\t\t<\/a>\n\t\t\t\t\t\t\t\t\t\t\t\t\t<\/div>\n\t\t\t\t<\/div>\n\t\t\t\t<\/div>\n\t\t<div class=\"elementor-element elementor-element-f043594 e-grid e-con-boxed e-con e-parent\" data-id=\"f043594\" data-element_type=\"container\">\n\t\t\t\t\t<div class=\"e-con-inner\">\n\t\t\t\t<div class=\"elementor-element elementor-element-9fa4309 elementor-widget elementor-widget-image\" data-id=\"9fa4309\" data-element_type=\"widget\" data-widget_type=\"image.default\">\n\t\t\t\t<div class=\"elementor-widget-container\">\n\t\t\t\t\t\t\t\t\t\t\t\t\t\t<a href=\"https:\/\/www.sequana-epargne.com\/?page_id=1961\">\n\t\t\t\t\t\t\t<img decoding=\"async\" width=\"1024\" height=\"448\" src=\"https:\/\/www.sequana-epargne.com\/wp-content\/uploads\/2024\/11\/qui-sommes-nous-1024x448.png\" class=\"attachment-large size-large wp-image-2108\" alt=\"\" srcset=\"https:\/\/www.sequana-epargne.com\/wp-content\/uploads\/2024\/11\/qui-sommes-nous-1024x448.png 1024w, https:\/\/www.sequana-epargne.com\/wp-content\/uploads\/2024\/11\/qui-sommes-nous-300x131.png 300w, https:\/\/www.sequana-epargne.com\/wp-content\/uploads\/2024\/11\/qui-sommes-nous-768x336.png 768w, https:\/\/www.sequana-epargne.com\/wp-content\/uploads\/2024\/11\/qui-sommes-nous.png 1398w\" sizes=\"(max-width: 1024px) 100vw, 1024px\" \/>\t\t\t\t\t\t\t\t<\/a>\n\t\t\t\t\t\t\t\t\t\t\t\t\t<\/div>\n\t\t\t\t<\/div>\n\t\t\t\t<div class=\"elementor-element elementor-element-062d847 elementor-widget elementor-widget-image\" data-id=\"062d847\" data-element_type=\"widget\" data-widget_type=\"image.default\">\n\t\t\t\t<div class=\"elementor-widget-container\">\n\t\t\t\t\t\t\t\t\t\t\t\t\t\t<a href=\"https:\/\/www.sequana-epargne.com\/?page_id=1911\">\n\t\t\t\t\t\t\t<img loading=\"lazy\" decoding=\"async\" width=\"631\" height=\"278\" src=\"https:\/\/www.sequana-epargne.com\/wp-content\/uploads\/2024\/11\/proposons.png\" class=\"attachment-large size-large wp-image-2109\" alt=\"\" srcset=\"https:\/\/www.sequana-epargne.com\/wp-content\/uploads\/2024\/11\/proposons.png 631w, https:\/\/www.sequana-epargne.com\/wp-content\/uploads\/2024\/11\/proposons-300x132.png 300w\" sizes=\"(max-width: 631px) 100vw, 631px\" \/>\t\t\t\t\t\t\t\t<\/a>\n\t\t\t\t\t\t\t\t\t\t\t\t\t<\/div>\n\t\t\t\t<\/div>\n\t\t\t\t\t<\/div>\n\t\t\t\t<\/div>\n\t\t<div class=\"elementor-element elementor-element-36189b3 e-grid e-con-boxed e-con e-parent\" data-id=\"36189b3\" data-element_type=\"container\">\n\t\t\t\t\t<div class=\"e-con-inner\">\n\t\t\t\t<div class=\"elementor-element elementor-element-8417874 elementor-widget elementor-widget-image\" data-id=\"8417874\" data-element_type=\"widget\" data-widget_type=\"image.default\">\n\t\t\t\t<div class=\"elementor-widget-container\">\n\t\t\t\t\t\t\t\t\t\t\t\t\t\t<a href=\"https:\/\/www.sequana-epargne.com\/?page_id=2007\">\n\t\t\t\t\t\t\t<img loading=\"lazy\" decoding=\"async\" width=\"631\" height=\"286\" src=\"https:\/\/www.sequana-epargne.com\/wp-content\/uploads\/2024\/11\/convictions.png\" class=\"attachment-large size-large wp-image-2110\" alt=\"\" srcset=\"https:\/\/www.sequana-epargne.com\/wp-content\/uploads\/2024\/11\/convictions.png 631w, https:\/\/www.sequana-epargne.com\/wp-content\/uploads\/2024\/11\/convictions-300x136.png 300w\" sizes=\"(max-width: 631px) 100vw, 631px\" \/>\t\t\t\t\t\t\t\t<\/a>\n\t\t\t\t\t\t\t\t\t\t\t\t\t<\/div>\n\t\t\t\t<\/div>\n\t\t\t\t<div class=\"elementor-element elementor-element-70343c9 elementor-widget elementor-widget-image\" data-id=\"70343c9\" data-element_type=\"widget\" data-widget_type=\"image.default\">\n\t\t\t\t<div class=\"elementor-widget-container\">\n\t\t\t\t\t\t\t\t\t\t\t\t\t\t<a href=\"https:\/\/www.sequana-epargne.com\/?page_id=2017\">\n\t\t\t\t\t\t\t<img loading=\"lazy\" decoding=\"async\" width=\"631\" height=\"323\" src=\"https:\/\/www.sequana-epargne.com\/wp-content\/uploads\/2024\/11\/partenaires.png\" class=\"attachment-large size-large wp-image-2111\" alt=\"\" srcset=\"https:\/\/www.sequana-epargne.com\/wp-content\/uploads\/2024\/11\/partenaires.png 631w, https:\/\/www.sequana-epargne.com\/wp-content\/uploads\/2024\/11\/partenaires-300x154.png 300w\" sizes=\"(max-width: 631px) 100vw, 631px\" \/>\t\t\t\t\t\t\t\t<\/a>\n\t\t\t\t\t\t\t\t\t\t\t\t\t<\/div>\n\t\t\t\t<\/div>\n\t\t\t\t\t<\/div>\n\t\t\t\t<\/div>\n\t\t\t\t<\/div>\n\t\t","protected":false},"excerpt":{"rendered":"<p>Sequana Epargne et Patrimoine :\u00a0 Toute l&#8217;\u00e9pargne dans une boucle de la Seine ! Mario Petrachi,\u00a0 Pr\u00e9sident fondateur \u00ab\u00a0Chaque \u00e9pargnant m\u00e9rite de bons conseils et des produits d\u2019excellence. Sequana Epargne et Patrimoine propose \u00e0 chaque famille des solutions sur mesure, construites en combinant les expertises des meilleurs sp\u00e9cialistes du monde entier, s\u00e9lectionn\u00e9s sur la base [&hellip;]<\/p>\n","protected":false},"author":1,"featured_media":0,"parent":0,"menu_order":0,"comment_status":"closed","ping_status":"closed","template":"","meta":{"ocean_post_layout":"","ocean_both_sidebars_style":"","ocean_both_sidebars_content_width":0,"ocean_both_sidebars_sidebars_width":0,"ocean_sidebar":"","ocean_second_sidebar":"","ocean_disable_margins":"enable","ocean_add_body_class":"","ocean_shortcode_before_top_bar":"","ocean_shortcode_after_top_bar":"","ocean_shortcode_before_header":"","ocean_shortcode_after_header":"","ocean_has_shortcode":"","ocean_shortcode_after_title":"","ocean_shortcode_before_footer_widgets":"","ocean_shortcode_after_footer_widgets":"","ocean_shortcode_before_footer_bottom":"","ocean_shortcode_after_footer_bottom":"","ocean_display_top_bar":"default","ocean_display_header":"default","ocean_header_style":"","ocean_center_header_left_menu":"","ocean_custom_header_template":"","ocean_custom_logo":0,"ocean_custom_retina_logo":0,"ocean_custom_logo_max_width":0,"ocean_custom_logo_tablet_max_width":0,"ocean_custom_logo_mobile_max_width":0,"ocean_custom_logo_max_height":0,"ocean_custom_logo_tablet_max_height":0,"ocean_custom_logo_mobile_max_height":0,"ocean_header_custom_menu":"","ocean_menu_typo_font_family":"","ocean_menu_typo_font_subset":"","ocean_menu_typo_font_size":0,"ocean_menu_typo_font_size_tablet":0,"ocean_menu_typo_font_size_mobile":0,"ocean_menu_typo_font_size_unit":"px","ocean_menu_typo_font_weight":"","ocean_menu_typo_font_weight_tablet":"","ocean_menu_typo_font_weight_mobile":"","ocean_menu_typo_transform":"","ocean_menu_typo_transform_tablet":"","ocean_menu_typo_transform_mobile":"","ocean_menu_typo_line_height":0,"ocean_menu_typo_line_height_tablet":0,"ocean_menu_typo_line_height_mobile":0,"ocean_menu_typo_line_height_unit":"","ocean_menu_typo_spacing":0,"ocean_menu_typo_spacing_tablet":0,"ocean_menu_typo_spacing_mobile":0,"ocean_menu_typo_spacing_unit":"","ocean_menu_link_color":"","ocean_menu_link_color_hover":"","ocean_menu_link_color_active":"","ocean_menu_link_background":"","ocean_menu_link_hover_background":"","ocean_menu_link_active_background":"","ocean_menu_social_links_bg":"","ocean_menu_social_hover_links_bg":"","ocean_menu_social_links_color":"","ocean_menu_social_hover_links_color":"","ocean_disable_title":"default","ocean_disable_heading":"default","ocean_post_title":"","ocean_post_subheading":"","ocean_post_title_style":"","ocean_post_title_background_color":"","ocean_post_title_background":0,"ocean_post_title_bg_image_position":"","ocean_post_title_bg_image_attachment":"","ocean_post_title_bg_image_repeat":"","ocean_post_title_bg_image_size":"","ocean_post_title_height":0,"ocean_post_title_bg_overlay":0.5,"ocean_post_title_bg_overlay_color":"","ocean_disable_breadcrumbs":"default","ocean_breadcrumbs_color":"","ocean_breadcrumbs_separator_color":"","ocean_breadcrumbs_links_color":"","ocean_breadcrumbs_links_hover_color":"","ocean_display_footer_widgets":"default","ocean_display_footer_bottom":"default","ocean_custom_footer_template":"","footnotes":""},"class_list":["post-1945","page","type-page","status-publish","hentry","entry"],"_links":{"self":[{"href":"https:\/\/www.sequana-epargne.com\/index.php?rest_route=\/wp\/v2\/pages\/1945","targetHints":{"allow":["GET"]}}],"collection":[{"href":"https:\/\/www.sequana-epargne.com\/index.php?rest_route=\/wp\/v2\/pages"}],"about":[{"href":"https:\/\/www.sequana-epargne.com\/index.php?rest_route=\/wp\/v2\/types\/page"}],"author":[{"embeddable":true,"href":"https:\/\/www.sequana-epargne.com\/index.php?rest_route=\/wp\/v2\/users\/1"}],"replies":[{"embeddable":true,"href":"https:\/\/www.sequana-epargne.com\/index.php?rest_route=%2Fwp%2Fv2%2Fcomments&post=1945"}],"version-history":[{"count":175,"href":"https:\/\/www.sequana-epargne.com\/index.php?rest_route=\/wp\/v2\/pages\/1945\/revisions"}],"predecessor-version":[{"id":2818,"href":"https:\/\/www.sequana-epargne.com\/index.php?rest_route=\/wp\/v2\/pages\/1945\/revisions\/2818"}],"wp:attachment":[{"href":"https:\/\/www.sequana-epargne.com\/index.php?rest_route=%2Fwp%2Fv2%2Fmedia&parent=1945"}],"curies":[{"name":"wp","href":"https:\/\/api.w.org\/{rel}","templated":true}]}}