{"id":1229,"date":"2024-11-05T18:19:16","date_gmt":"2024-11-05T17:19:16","guid":{"rendered":"https:\/\/www.sequana-epargne.com\/sequana-epargne.com\/?page_id=1229"},"modified":"2025-01-27T18:58:09","modified_gmt":"2025-01-27T17:58:09","slug":"lequipe-le-comite-consultatif","status":"publish","type":"page","link":"https:\/\/www.sequana-epargne.com\/?page_id=1229","title":{"rendered":"L&#8217;\u00e9quipe &#8211; le Comit\u00e9 consultatif"},"content":{"rendered":"\t\t<div data-elementor-type=\"wp-page\" data-elementor-id=\"1229\" class=\"elementor elementor-1229\">\n\t\t\t\t<div class=\"elementor-element elementor-element-76dc464 e-flex e-con-boxed e-con e-parent\" data-id=\"76dc464\" data-element_type=\"container\">\n\t\t\t\t\t<div class=\"e-con-inner\">\n\t\t<div class=\"elementor-element elementor-element-0a36773 e-con-full e-flex e-con e-child\" data-id=\"0a36773\" data-element_type=\"container\">\n\t\t<div class=\"elementor-element elementor-element-a2ddd45 e-con-full e-flex e-con e-child\" data-id=\"a2ddd45\" data-element_type=\"container\">\n\t\t\t\t<div class=\"elementor-element elementor-element-663d2b9 elementor-widget__width-initial elementor-widget elementor-widget-image\" data-id=\"663d2b9\" data-element_type=\"widget\" data-widget_type=\"image.default\">\n\t\t\t\t<div class=\"elementor-widget-container\">\n\t\t\t\t\t\t\t\t\t\t\t\t\t<img fetchpriority=\"high\" decoding=\"async\" width=\"228\" height=\"228\" src=\"https:\/\/www.sequana-epargne.com\/wp-content\/uploads\/2024\/11\/Frederic2-1.jpg\" class=\"attachment-large size-large wp-image-1238\" alt=\"\" srcset=\"https:\/\/www.sequana-epargne.com\/wp-content\/uploads\/2024\/11\/Frederic2-1.jpg 228w, https:\/\/www.sequana-epargne.com\/wp-content\/uploads\/2024\/11\/Frederic2-1-150x150.jpg 150w\" sizes=\"(max-width: 228px) 100vw, 228px\" \/>\t\t\t\t\t\t\t\t\t\t\t\t\t<\/div>\n\t\t\t\t<\/div>\n\t\t\t\t<\/div>\n\t\t<div class=\"elementor-element elementor-element-0d8fb99 e-con-full e-flex e-con e-child\" data-id=\"0d8fb99\" data-element_type=\"container\">\n\t\t\t\t<div class=\"elementor-element elementor-element-fe3cdd2 elementor-widget__width-initial elementor-widget elementor-widget-text-editor\" data-id=\"fe3cdd2\" data-element_type=\"widget\" data-widget_type=\"text-editor.default\">\n\t\t\t\t<div class=\"elementor-widget-container\">\n\t\t\t\t\t\t\t<p><b>Fr\u00e9d\u00e9ric <\/b><b>Lorenzini<\/b><b>\u00a0 <\/b><\/p><p>Journaliste, communiquant et expert en gestion d\u2019actifs, chroniqueur Asset Management sur BFM Business Fr\u00e9d\u00e9ric depuis pr\u00e8s de 15 ans, Fr\u00e9d\u00e9ric a entre autres dirig\u00e9 la recherche de Morning Star pendant plus de 10 ans et \u00e9t\u00e9 membre de la Commission Consultative Epargnant de l\u2019AMF et enseign\u00e9 la gestion d\u2019actifs pendant plus de 10 ans dans le Master II de gestion de patrimoine de l\u2019Universit\u00e9 Paris II Assas.\u00a0<\/p>\t\t\t\t\t\t<\/div>\n\t\t\t\t<\/div>\n\t\t\t\t<\/div>\n\t\t\t\t<\/div>\n\t\t\t\t\t<\/div>\n\t\t\t\t<\/div>\n\t\t<div class=\"elementor-element elementor-element-dfdcd09 e-flex e-con-boxed e-con e-parent\" data-id=\"dfdcd09\" data-element_type=\"container\">\n\t\t\t\t\t<div class=\"e-con-inner\">\n\t\t<div class=\"elementor-element elementor-element-c4ccf3c e-con-full e-flex e-con e-child\" data-id=\"c4ccf3c\" data-element_type=\"container\">\n\t\t<div class=\"elementor-element elementor-element-8427ed3 e-con-full e-flex e-con e-child\" data-id=\"8427ed3\" data-element_type=\"container\">\n\t\t\t\t<div class=\"elementor-element elementor-element-c4e65f0 elementor-widget__width-initial elementor-widget elementor-widget-image\" data-id=\"c4e65f0\" data-element_type=\"widget\" data-widget_type=\"image.default\">\n\t\t\t\t<div class=\"elementor-widget-container\">\n\t\t\t\t\t\t\t\t\t\t\t\t\t<img decoding=\"async\" width=\"869\" height=\"1024\" src=\"https:\/\/www.sequana-epargne.com\/wp-content\/uploads\/2024\/11\/claude-lagadec-869x1024.jpg\" class=\"attachment-large size-large wp-image-1239\" alt=\"\" srcset=\"https:\/\/www.sequana-epargne.com\/wp-content\/uploads\/2024\/11\/claude-lagadec-869x1024.jpg 869w, https:\/\/www.sequana-epargne.com\/wp-content\/uploads\/2024\/11\/claude-lagadec-255x300.jpg 255w, https:\/\/www.sequana-epargne.com\/wp-content\/uploads\/2024\/11\/claude-lagadec-768x905.jpg 768w, https:\/\/www.sequana-epargne.com\/wp-content\/uploads\/2024\/11\/claude-lagadec.jpg 1240w\" sizes=\"(max-width: 869px) 100vw, 869px\" \/>\t\t\t\t\t\t\t\t\t\t\t\t\t<\/div>\n\t\t\t\t<\/div>\n\t\t\t\t<\/div>\n\t\t<div class=\"elementor-element elementor-element-4e0f621 e-con-full e-flex e-con e-child\" data-id=\"4e0f621\" data-element_type=\"container\">\n\t\t\t\t<div class=\"elementor-element elementor-element-2ac7d94 elementor-widget__width-initial elementor-widget elementor-widget-text-editor\" data-id=\"2ac7d94\" data-element_type=\"widget\" data-widget_type=\"text-editor.default\">\n\t\t\t\t<div class=\"elementor-widget-container\">\n\t\t\t\t\t\t\t<p><b>Claude Lagadec<\/b><\/p><p>Ing\u00e9nieur patrimonial sp\u00e9cialis\u00e9 dans les probl\u00e9matiques juridiques et fiscales, Claude Lagadec travaille depuis pr\u00e8s de 30 ans au sein du Groupe BNP Paribas, o\u00f9 il exerce aujourd\u2019hui la fonction de coordinateur de la r\u00e9glementation bancaire au sein de BNPP AM. Claude est dipl\u00f4m\u00e9 du CESB en gestion de patrimoine, d\u00e9tient un Certificat d\u2019aptitude \u00e0 la profession d\u2019avocat (CAPA), un DESS de de droit et un DU de transmission des entreprises.<\/p>\t\t\t\t\t\t<\/div>\n\t\t\t\t<\/div>\n\t\t\t\t<\/div>\n\t\t\t\t<\/div>\n\t\t\t\t\t<\/div>\n\t\t\t\t<\/div>\n\t\t<div class=\"elementor-element elementor-element-fa5d591 e-flex e-con-boxed e-con e-parent\" data-id=\"fa5d591\" data-element_type=\"container\">\n\t\t\t\t\t<div class=\"e-con-inner\">\n\t\t<div class=\"elementor-element elementor-element-24d6bfe e-con-full e-flex e-con e-child\" data-id=\"24d6bfe\" data-element_type=\"container\">\n\t\t<div class=\"elementor-element elementor-element-cf221e2 e-con-full e-flex e-con e-child\" data-id=\"cf221e2\" data-element_type=\"container\">\n\t\t\t\t<div class=\"elementor-element elementor-element-5a61416 elementor-widget__width-initial elementor-widget elementor-widget-image\" data-id=\"5a61416\" data-element_type=\"widget\" data-widget_type=\"image.default\">\n\t\t\t\t<div class=\"elementor-widget-container\">\n\t\t\t\t\t\t\t\t\t\t\t\t\t<img decoding=\"async\" width=\"107\" height=\"110\" src=\"https:\/\/www.sequana-epargne.com\/wp-content\/uploads\/2024\/11\/thierry-1.png\" class=\"attachment-large size-large wp-image-1240\" alt=\"\" \/>\t\t\t\t\t\t\t\t\t\t\t\t\t<\/div>\n\t\t\t\t<\/div>\n\t\t\t\t<\/div>\n\t\t<div class=\"elementor-element elementor-element-eedcc2f e-con-full e-flex e-con e-child\" data-id=\"eedcc2f\" data-element_type=\"container\">\n\t\t\t\t<div class=\"elementor-element elementor-element-7b20bf9 elementor-widget__width-initial elementor-widget elementor-widget-text-editor\" data-id=\"7b20bf9\" data-element_type=\"widget\" data-widget_type=\"text-editor.default\">\n\t\t\t\t<div class=\"elementor-widget-container\">\n\t\t\t\t\t\t\t<p><b>Thierry Slama<\/b><\/p><p>Apr\u00e8s une carri\u00e8re de plus de 30 ans dans le Groupe Barclays, Thierry enseigne aujourd\u2019hui la finance \u00e0 NEOMA Business School et intervient comme consultant pour des investissements\u00a0 en pierre papier.\u00a0Thierry est dipl\u00f4m\u00e9 de l\u2019IEP de Paris et d\u2019HEC. Il a aussi valid\u00e9 une ma\u00eetrise de droit des affaires et un master en gestion de international (ESCP). Expert reconnu des fonds immobiliers, il est l\u2019auteur du livre \u00ab Pierre Papier : Quels supports choisir ? \u00bb publi\u00e9 aux \u00e9ditions juridiques LegiTech<\/p>\t\t\t\t\t\t<\/div>\n\t\t\t\t<\/div>\n\t\t\t\t<\/div>\n\t\t\t\t<\/div>\n\t\t\t\t\t<\/div>\n\t\t\t\t<\/div>\n\t\t\t\t<\/div>\n\t\t","protected":false},"excerpt":{"rendered":"<p>Fr\u00e9d\u00e9ric Lorenzini\u00a0 Journaliste, communiquant et expert en gestion d\u2019actifs, chroniqueur Asset Management sur BFM Business Fr\u00e9d\u00e9ric depuis pr\u00e8s de 15 ans, Fr\u00e9d\u00e9ric a entre autres dirig\u00e9 la recherche de Morning Star pendant plus de 10 ans et \u00e9t\u00e9 membre de la Commission Consultative Epargnant de l\u2019AMF et enseign\u00e9 la gestion d\u2019actifs pendant plus de 10 [&hellip;]<\/p>\n","protected":false},"author":1,"featured_media":0,"parent":0,"menu_order":0,"comment_status":"closed","ping_status":"closed","template":"","meta":{"ocean_post_layout":"","ocean_both_sidebars_style":"","ocean_both_sidebars_content_width":0,"ocean_both_sidebars_sidebars_width":0,"ocean_sidebar":"","ocean_second_sidebar":"","ocean_disable_margins":"enable","ocean_add_body_class":"","ocean_shortcode_before_top_bar":"","ocean_shortcode_after_top_bar":"","ocean_shortcode_before_header":"","ocean_shortcode_after_header":"","ocean_has_shortcode":"","ocean_shortcode_after_title":"","ocean_shortcode_before_footer_widgets":"","ocean_shortcode_after_footer_widgets":"","ocean_shortcode_before_footer_bottom":"","ocean_shortcode_after_footer_bottom":"","ocean_display_top_bar":"default","ocean_display_header":"default","ocean_header_style":"","ocean_center_header_left_menu":"","ocean_custom_header_template":"","ocean_custom_logo":0,"ocean_custom_retina_logo":0,"ocean_custom_logo_max_width":0,"ocean_custom_logo_tablet_max_width":0,"ocean_custom_logo_mobile_max_width":0,"ocean_custom_logo_max_height":0,"ocean_custom_logo_tablet_max_height":0,"ocean_custom_logo_mobile_max_height":0,"ocean_header_custom_menu":"","ocean_menu_typo_font_family":"","ocean_menu_typo_font_subset":"","ocean_menu_typo_font_size":0,"ocean_menu_typo_font_size_tablet":0,"ocean_menu_typo_font_size_mobile":0,"ocean_menu_typo_font_size_unit":"px","ocean_menu_typo_font_weight":"","ocean_menu_typo_font_weight_tablet":"","ocean_menu_typo_font_weight_mobile":"","ocean_menu_typo_transform":"","ocean_menu_typo_transform_tablet":"","ocean_menu_typo_transform_mobile":"","ocean_menu_typo_line_height":0,"ocean_menu_typo_line_height_tablet":0,"ocean_menu_typo_line_height_mobile":0,"ocean_menu_typo_line_height_unit":"","ocean_menu_typo_spacing":0,"ocean_menu_typo_spacing_tablet":0,"ocean_menu_typo_spacing_mobile":0,"ocean_menu_typo_spacing_unit":"","ocean_menu_link_color":"","ocean_menu_link_color_hover":"","ocean_menu_link_color_active":"","ocean_menu_link_background":"","ocean_menu_link_hover_background":"","ocean_menu_link_active_background":"","ocean_menu_social_links_bg":"","ocean_menu_social_hover_links_bg":"","ocean_menu_social_links_color":"","ocean_menu_social_hover_links_color":"","ocean_disable_title":"default","ocean_disable_heading":"default","ocean_post_title":"","ocean_post_subheading":"","ocean_post_title_style":"","ocean_post_title_background_color":"","ocean_post_title_background":0,"ocean_post_title_bg_image_position":"","ocean_post_title_bg_image_attachment":"","ocean_post_title_bg_image_repeat":"","ocean_post_title_bg_image_size":"","ocean_post_title_height":0,"ocean_post_title_bg_overlay":0.5,"ocean_post_title_bg_overlay_color":"","ocean_disable_breadcrumbs":"default","ocean_breadcrumbs_color":"","ocean_breadcrumbs_separator_color":"","ocean_breadcrumbs_links_color":"","ocean_breadcrumbs_links_hover_color":"","ocean_display_footer_widgets":"default","ocean_display_footer_bottom":"default","ocean_custom_footer_template":"","footnotes":""},"class_list":["post-1229","page","type-page","status-publish","hentry","entry"],"_links":{"self":[{"href":"https:\/\/www.sequana-epargne.com\/index.php?rest_route=\/wp\/v2\/pages\/1229","targetHints":{"allow":["GET"]}}],"collection":[{"href":"https:\/\/www.sequana-epargne.com\/index.php?rest_route=\/wp\/v2\/pages"}],"about":[{"href":"https:\/\/www.sequana-epargne.com\/index.php?rest_route=\/wp\/v2\/types\/page"}],"author":[{"embeddable":true,"href":"https:\/\/www.sequana-epargne.com\/index.php?rest_route=\/wp\/v2\/users\/1"}],"replies":[{"embeddable":true,"href":"https:\/\/www.sequana-epargne.com\/index.php?rest_route=%2Fwp%2Fv2%2Fcomments&post=1229"}],"version-history":[{"count":16,"href":"https:\/\/www.sequana-epargne.com\/index.php?rest_route=\/wp\/v2\/pages\/1229\/revisions"}],"predecessor-version":[{"id":2682,"href":"https:\/\/www.sequana-epargne.com\/index.php?rest_route=\/wp\/v2\/pages\/1229\/revisions\/2682"}],"wp:attachment":[{"href":"https:\/\/www.sequana-epargne.com\/index.php?rest_route=%2Fwp%2Fv2%2Fmedia&parent=1229"}],"curies":[{"name":"wp","href":"https:\/\/api.w.org\/{rel}","templated":true}]}}